{"id":7301,"date":"2025-10-24T16:38:08","date_gmt":"2025-10-24T16:38:08","guid":{"rendered":"https:\/\/wp.lobbywatch.ch\/?page_id=7301"},"modified":"2026-01-02T19:36:10","modified_gmt":"2026-01-02T19:36:10","slug":"geld-und-politik","status":"publish","type":"page","link":"https:\/\/lobbywatch.ch\/fr\/geld-und-politik\/","title":{"rendered":"Outil 3 : l'argent + la politique"},"content":{"rendered":"<div id=\"fws_69f052ad111c9\"  data-column-margin=\"30px\" data-midnight=\"dark\" data-top-percent=\"12%\" data-bottom-percent=\"3%\"  class=\"wpb_row vc_row-fluid vc_row full-width-section  reverse_columns_column_phone top_padding_tablet_8pct top_padding_phone_3pct bottom_padding_tablet_3pct\"  style=\"padding-top: calc(100vw * 0.12); padding-bottom: calc(100vw * 0.03); \"><div class=\"row-bg-wrap\" data-bg-animation=\"none\" data-bg-animation-delay=\"\" data-bg-overlay=\"false\"><div class=\"inner-wrap row-bg-layer\" ><div class=\"row-bg viewport-desktop\"  style=\"\"><\/div><\/div><\/div><div class=\"row_col_wrap_12 col span_12 dark left\">\n\t<div  class=\"vc_col-sm-1 wpb_column column_container vc_column_container col bottom_margin_tablet_10pct right_padding_desktop_10pct right_padding_phone_0px\"  data-padding-pos=\"all\" data-has-bg-color=\"false\" data-bg-color=\"\" data-bg-opacity=\"1\" data-animation=\"\" data-delay=\"0\" >\n\t\t<div class=\"vc_column-inner\" >\n\t\t\t<div class=\"wpb_wrapper\">\n\t\t\t\t\n\t\t\t<\/div> \n\t\t<\/div>\n\t<\/div> \n\n\t<div  class=\"vc_col-sm-6 wpb_column column_container vc_column_container col has-animation no-extra-padding column_position_relative el_spacing_0px inherit_tablet inherit_phone\"  data-border-radius=\"20px\" data-padding-pos=\"left-right\" data-has-bg-color=\"false\" data-bg-color=\"\" data-bg-opacity=\"1\" data-animation=\"fade-in-from-bottom\" data-delay=\"0\" >\n\t\t<div class=\"vc_column-inner\" >\n\t\t\t<div class=\"wpb_wrapper\">\n\t\t\t\t<div id=\"fws_69f052ad11b80\" data-midnight=\"\" data-column-margin=\"none\" class=\"wpb_row vc_row-fluid vc_row inner_row vc_row-o-equal-height vc_row-flex right_padding_10pct right_padding_tablet_5pct right_padding_phone_3pct\"  style=\"\"><div class=\"row-bg-wrap\"> <div class=\"row-bg\" ><\/div> <\/div><div class=\"row_col_wrap_12_inner col span_12  left\">\n\t<div  class=\"vc_col-sm-12 wpb_column column_container vc_column_container col child_column no-extra-padding el_spacing_0px inherit_tablet inherit_phone\"   data-padding-pos=\"all\" data-has-bg-color=\"false\" data-bg-color=\"\" data-bg-opacity=\"1\" data-animation=\"\" data-delay=\"0\" >\n\t\t<div class=\"vc_column-inner\" >\n\t\t<div class=\"wpb_wrapper\">\n\t\t\t<div class=\"nectar-highlighted-text\" data-style=\"regular_underline\" data-exp=\"default\" data-underline-thickness=\"4px\" data-using-custom-color=\"true\" data-animation-delay=\"false\" data-color=\"#2D99D8\" data-color-gradient=\"\" style=\"\"><h1><em>l\u2019argent + la politique est un outil de transparence en ligne<\/em><\/h1>\n<\/div><div class=\"divider-wrap\" data-alignment=\"default\"><div style=\"height: 20px;\" class=\"divider\"><\/div><\/div><div class=\"nectar-responsive-text nectar-link-underline-effect\"><p><strong>l\u2019argent + la politique fait sortir la politique de l\u2019ombre.<\/strong> En quelques clics, chacun peut d\u00e9-couvrir qui intervient dans le d\u00e9bat politique, combien d\u2019argent est en jeu et d\u2019o\u00f9 il provient. Vous pouvez parcourir les budgets de campagne des candidat\u00b7es au Parlement, examiner les d\u00e9penses des associations et les comparer avec celles des partis.<\/p>\n<\/div>\n\t\t<\/div> \n\t<\/div>\n\t<\/div> \n<\/div><\/div><div id=\"fws_69f052ad12504\" data-midnight=\"\" data-column-margin=\"default\" class=\"wpb_row vc_row-fluid vc_row inner_row Next-Section-Buttons\"  style=\"padding-top: 40px; \"><div class=\"row-bg-wrap\"> <div class=\"row-bg\" ><\/div> <\/div><div class=\"row_col_wrap_12_inner col span_12  left\">\n\t<div  class=\"vc_col-sm-12 wpb_column column_container vc_column_container col child_column no-extra-padding column_element_direction_desktop_horizontal el_spacing_5px inherit_tablet inherit_phone\"   data-padding-pos=\"all\" data-has-bg-color=\"false\" data-bg-color=\"\" data-bg-opacity=\"1\" data-animation=\"\" data-delay=\"0\" >\n\t\t<div class=\"vc_column-inner\" >\n\t\t<div class=\"wpb_wrapper\">\n\t\t\t<div class=\"nectar-cta  text_hover_color_DD3333 border_color_FF4646 hover_border_color_DD3333 border_thickness_1px border_radius_119px alignment_tablet_default alignment_phone_default display_tablet_inherit display_phone_inherit\" data-color=\"default\" data-using-bg=\"false\" data-style=\"basic\" data-display=\"block\" data-alignment=\"left\" data-text-color=\"custom\" ><h6 style=\"color: #FF4646;\"><span class=\"link_wrap\" style=\"padding-top: 15px; padding-right: 25px; padding-bottom: 15px; padding-left: 25px;\"><a target=\"_blank\" class=\"link_text\" role=\"button\" href=\"https:\/\/moneyinpolitics.ch\/fr\"><span class=\"text\">Ouvrir l\u2019argent + la politique<\/span><\/a><\/span><\/h6><\/div><div class=\"divider-wrap height_phone_40px\" data-alignment=\"default\"><div style=\"height: 0px;\" class=\"divider\"><\/div><\/div><div class=\"nectar-cta Next-Section-Buttons text_hover_color_FF4646 border_radius_119px alignment_tablet_default alignment_phone_default display_tablet_inherit display_phone_inherit\" data-color=\"default\" data-using-bg=\"false\" data-style=\"see-through\" data-display=\"block\" data-alignment=\"left\" data-text-color=\"custom\" ><h6 style=\"color: #153770;\"> <span class=\"text\"> <\/span><span class=\"link_wrap\" style=\"padding-top: 15px; padding-right: 25px; padding-bottom: 15px; padding-left: 25px;\"><a  class=\"link_text\" role=\"button\" href=\"#mehr\">en savoir plus<span class=\"arrow\"><\/span><\/a><\/span><\/h6><\/div>\n\t\t<\/div> \n\t<\/div>\n\t<\/div> \n<\/div><\/div>\n\t\t\t<\/div> \n\t\t<\/div>\n\t<\/div> \n\n\t<div style=\"\" class=\"vc_col-sm-4 wpb_column column_container vc_column_container col has-animation no-extra-padding inherit_tablet inherit_phone\" data-using-bg=\"true\" data-border-radius=\"10px\" data-shadow=\"small_depth\" data-bg-cover=\"true\" data-padding-pos=\"all\" data-has-bg-color=\"false\" data-bg-color=\"\" data-bg-opacity=\"1\" data-animation=\"fade-in-from-bottom\" data-delay=\"0\" >\n\t\t<div class=\"vc_column-inner\" ><div class=\"column-image-bg-wrap column-bg-layer viewport-desktop\" data-bg-pos=\"center center\" data-bg-animation=\"none\" data-bg-overlay=\"false\"><div class=\"inner-wrap\"><div class=\"column-image-bg\" style=\" background-image: url('https:\/\/lobbywatch.ch\/wp-content\/uploads\/2025\/10\/Recherche-2.jpg'); \"><\/div><\/div><\/div><div class=\"column-bg-overlay-wrap column-bg-layer\" data-bg-animation=\"none\"><div class=\"column-bg-overlay\"><\/div><\/div>\n\t\t\t<div class=\"wpb_wrapper\">\n\t\t\t\t<div class=\"divider-wrap height_tablet_300px height_phone_200px\" data-alignment=\"default\"><div style=\"height: 400px;\" class=\"divider\"><\/div><\/div>\n\t\t\t<\/div> \n\t\t<\/div>\n\t<\/div> \n\n\t<div  class=\"vc_col-sm-1 wpb_column column_container vc_column_container col no-extra-padding inherit_tablet inherit_phone\"  data-padding-pos=\"all\" data-has-bg-color=\"false\" data-bg-color=\"\" data-bg-opacity=\"1\" data-animation=\"\" data-delay=\"0\" >\n\t\t<div class=\"vc_column-inner\" >\n\t\t\t<div class=\"wpb_wrapper\">\n\t\t\t\t\n\t\t\t<\/div> \n\t\t<\/div>\n\t<\/div> \n<\/div><\/div>\n\t\t<div id=\"fws_69f052ad1386f\"  data-column-margin=\"default\" data-midnight=\"dark\" data-top-percent=\"4%\" data-bottom-percent=\"1%\"  class=\"wpb_row vc_row-fluid vc_row full-width-section vc_row-o-equal-height vc_row-flex vc_row-o-content-middle\"  style=\"padding-top: calc(100vw * 0.04); padding-bottom: calc(100vw * 0.01); \"><div class=\"row-bg-wrap\" data-bg-animation=\"none\" data-bg-animation-delay=\"\" data-bg-overlay=\"false\"><div class=\"inner-wrap row-bg-layer\" ><div class=\"row-bg viewport-desktop\"  style=\"\"><\/div><\/div><\/div><div class=\"row_col_wrap_12 col span_12 dark left\">\n\t<div  class=\"vc_col-sm-2 vc_col-md-1 wpb_column column_container vc_column_container col no-extra-padding force-tablet-text-align-center force-phone-text-align-center inherit_tablet inherit_phone\"  data-padding-pos=\"all\" data-has-bg-color=\"false\" data-bg-color=\"\" data-bg-opacity=\"1\" data-animation=\"\" data-delay=\"0\" >\n\t\t<div class=\"vc_column-inner\" >\n\t\t\t<div class=\"wpb_wrapper\">\n\t\t\t\t\n\t\t\t<\/div> \n\t\t<\/div>\n\t<\/div> \n\n\t<div style=\"\" class=\"vc_col-sm-8 vc_col-md-9 wpb_column column_container vc_column_container col no-extra-padding inherit_tablet inherit_phone\" data-using-bg=\"true\" data-border-radius=\"10px\" data-shadow=\"small_depth\" data-border-animation=\"\" data-border-animation-delay=\"\" data-border-width=\"5px\" data-border-style=\"solid\" data-border-color=\"#FFFFFF\" data-padding-pos=\"all\" data-has-bg-color=\"true\" data-bg-color=\"#D3DDE3\" data-bg-opacity=\"1\" data-animation=\"\" data-delay=\"0\" >\n\t\t<div class=\"vc_column-inner\" style=\"border: 5px solid #FFFFFF;\"><div class=\"column-bg-overlay-wrap column-bg-layer\" data-bg-animation=\"none\"><div class=\"column-bg-overlay\" style=\"opacity: 1; background-color: #D3DDE3;\"><\/div><\/div>\n\t\t\t<div class=\"wpb_wrapper\">\n\t\t\t\t<div id=\"fws_69f052ad13da0\" data-midnight=\"\" data-column-margin=\"none\" class=\"wpb_row vc_row-fluid vc_row inner_row  vc_custom_1761317862992 right_padding_55px left_padding_45px top_padding_phone_25px bottom_padding_phone_25px right_padding_phone_20px left_padding_phone_20px\"  style=\"padding-top: 27px; padding-bottom: 25px; \"><div class=\"row-bg-wrap\"> <div class=\"row-bg\" ><\/div> <\/div><div class=\"row_col_wrap_12_inner col span_12  left\">\n\t<div  class=\"vc_col-sm-6 wpb_column column_container vc_column_container col child_column no-extra-padding force-phone-text-align-center inherit_tablet inherit_phone\"   data-padding-pos=\"all\" data-has-bg-color=\"false\" data-bg-color=\"\" data-bg-opacity=\"1\" data-animation=\"\" data-delay=\"0\" >\n\t\t<div class=\"vc_column-inner\" >\n\t\t<div class=\"wpb_wrapper\">\n\t\t\t<div class=\"nectar-highlighted-text\" data-style=\"regular_underline\" data-exp=\"default\" data-underline-thickness=\"2px\" data-using-custom-color=\"true\" data-animation-delay=\"false\" data-color=\"#2D99D8\" data-color-gradient=\"\" style=\"\"><h3>Signaler une information?<\/h3>\n<\/div>\n\t\t<\/div> \n\t<\/div>\n\t<\/div> \n\n\t<div  class=\"vc_col-sm-6 wpb_column column_container vc_column_container col child_column no-extra-padding force-phone-text-align-center inherit_tablet inherit_phone\"   data-padding-pos=\"all\" data-has-bg-color=\"false\" data-bg-color=\"\" data-bg-opacity=\"1\" data-animation=\"\" data-delay=\"0\" >\n\t\t<div class=\"vc_column-inner\" >\n\t\t<div class=\"wpb_wrapper\">\n\t\t\t<div class=\"nectar-cta custom-link-color-3 text_hover_color_DD3333 alignment_tablet_default alignment_phone_default display_tablet_inherit display_phone_inherit\" data-color=\"default\" data-using-bg=\"false\" data-style=\"basic\" data-display=\"block\" data-alignment=\"right\" data-text-color=\"custom\" style=\"margin-top: 5px; \"><h6 style=\"color: #FF4646;\"><span class=\"link_wrap\" ><a  class=\"link_text\" role=\"button\" href=\"\"><span class=\"text\">Contactez-nous.<\/span><\/a><\/span><\/h6><\/div>\n\t\t<\/div> \n\t<\/div>\n\t<\/div> \n<\/div><\/div>\n\t\t\t<\/div> \n\t\t<\/div>\n\t<\/div> \n\n\t<div  class=\"vc_col-sm-2 vc_col-lg-1 wpb_column column_container vc_column_container col no-extra-padding inherit_tablet inherit_phone\"  data-padding-pos=\"all\" data-has-bg-color=\"false\" data-bg-color=\"\" data-bg-opacity=\"1\" data-animation=\"\" data-delay=\"0\" >\n\t\t<div class=\"vc_column-inner\" >\n\t\t\t<div class=\"wpb_wrapper\">\n\t\t\t\t\n\t\t\t<\/div> \n\t\t<\/div>\n\t<\/div> \n<\/div><\/div>\n\t\t<div id=\"mehr\"  data-column-margin=\"default\" data-midnight=\"dark\" data-top-percent=\"7%\"  class=\"wpb_row vc_row-fluid vc_row full-width-section  top_padding_phone_10pct\"  style=\"padding-top: calc(100vw * 0.07); padding-bottom: 0px; \"><div class=\"row-bg-wrap\" data-bg-animation=\"none\" data-bg-animation-delay=\"\" data-bg-overlay=\"false\"><div class=\"inner-wrap row-bg-layer\" ><div class=\"row-bg viewport-desktop\"  style=\"\"><\/div><\/div><\/div><div class=\"row_col_wrap_12 col span_12 dark left\">\n\t<div  class=\"vc_col-sm-2 vc_col-md-1 wpb_column column_container vc_column_container col centered-text no-extra-padding inherit_tablet inherit_phone\"  data-padding-pos=\"all\" data-has-bg-color=\"false\" data-bg-color=\"\" data-bg-opacity=\"1\" data-animation=\"\" data-delay=\"0\" >\n\t\t<div class=\"vc_column-inner\" >\n\t\t\t<div class=\"wpb_wrapper\">\n\t\t\t\t\n\t\t\t<\/div> \n\t\t<\/div>\n\t<\/div> \n\n\t<div  class=\"vc_col-sm-8 wpb_column column_container vc_column_container col no-extra-padding force-desktop-text-align-left el_spacing_0px inherit_tablet inherit_phone\"  data-padding-pos=\"all\" data-has-bg-color=\"false\" data-bg-color=\"\" data-bg-opacity=\"1\" data-animation=\"\" data-delay=\"0\" >\n\t\t<div class=\"vc_column-inner\" >\n\t\t\t<div class=\"wpb_wrapper\">\n\t\t\t\t<div id=\"fws_69f052ad14dd6\" data-midnight=\"\" data-column-margin=\"default\" class=\"wpb_row vc_row-fluid vc_row inner_row\"  style=\"\"><div class=\"row-bg-wrap\"> <div class=\"row-bg\" ><\/div> <\/div><div class=\"row_col_wrap_12_inner col span_12  left\">\n\t<div  class=\"vc_col-sm-12 wpb_column column_container vc_column_container col child_column no-extra-padding force-desktop-text-align-center el_spacing_0px inherit_tablet inherit_phone\"   data-padding-pos=\"all\" data-has-bg-color=\"false\" data-bg-color=\"\" data-bg-opacity=\"1\" data-animation=\"\" data-delay=\"0\" >\n\t\t<div class=\"vc_column-inner\" >\n\t\t<div class=\"wpb_wrapper\">\n\t\t\t\n<div class=\"wpb_text_column wpb_content_element  text_direction_ltr  vc_custom_1761322916162\" >\n\t<div class=\"wpb_wrapper\">\n\t\t<h2>Ce que vous trouverez sur l\u2019argent + la politique :<\/h2>\n\t<\/div>\n<\/div>\n\n\n\n<div class=\"divider-wrap\" data-alignment=\"default\"><div style=\"margin-top: 12.5px; height: 2px; margin-bottom: 12.5px;\" data-width=\"100%\" data-animate=\"yes\" data-animation-delay=\"\" data-color=\"extra-color-2\" class=\"divider-border\"><\/div><\/div><div class=\"divider-wrap\" data-alignment=\"default\"><div style=\"height: 20px;\" class=\"divider\"><\/div><\/div>\n\t\t<\/div> \n\t<\/div>\n\t<\/div> \n<\/div><\/div><div id=\"fws_69f052ad152da\" data-midnight=\"\" data-column-margin=\"default\" class=\"wpb_row vc_row-fluid vc_row inner_row\"  style=\"\"><div class=\"row-bg-wrap\"> <div class=\"row-bg\" ><\/div> <\/div><div class=\"row_col_wrap_12_inner col span_12  left\">\n\t<div  class=\"vc_col-sm-6 wpb_column column_container vc_column_container col child_column no-extra-padding force-desktop-text-align-center el_spacing_0px inherit_tablet inherit_phone\"   data-padding-pos=\"all\" data-has-bg-color=\"false\" data-bg-color=\"\" data-bg-opacity=\"1\" data-animation=\"\" data-delay=\"0\" >\n\t\t<div class=\"vc_column-inner\" >\n\t\t<div class=\"wpb_wrapper\">\n\t\t\t<div class=\"nectar-fancy-ul\" data-list-icon=\"icon-salient-check\" data-animation=\"true\" data-animation-delay=\"0\" data-color=\"extra-color-2\" data-spacing=\"10px\" data-alignment=\"left\"> \n<ul>\n<li><span lang=\"de-CH\">Toutes les personnes physiques et morales<\/span><span lang=\"de-CH\">qui apparaissent dans les donn\u00e9es publi\u00e9es - politiciens, partis, associations, entreprises et comit\u00e9s.<\/span><\/li>\n<\/ul>\n <\/div>\n\t\t<\/div> \n\t<\/div>\n\t<\/div> \n\n\t<div  class=\"vc_col-sm-6 wpb_column column_container vc_column_container col child_column no-extra-padding inherit_tablet inherit_phone\"   data-padding-pos=\"all\" data-has-bg-color=\"false\" data-bg-color=\"\" data-bg-opacity=\"1\" data-animation=\"\" data-delay=\"0\" >\n\t\t<div class=\"vc_column-inner\" >\n\t\t<div class=\"wpb_wrapper\">\n\t\t\t<div class=\"nectar-fancy-ul\" data-list-icon=\"icon-salient-check\" data-animation=\"true\" data-animation-delay=\"0\" data-color=\"extra-color-2\" data-spacing=\"10px\" data-alignment=\"left\"> \n<ul>\n<li><span lang=\"de-CH\">Tous les scrutins : votations et \u00e9lections<\/span><span lang=\"de-CH\">.\u00a0<\/span><\/li>\n<li>Toutes les campagnes \u00e9lectorales et les campagnes pr\u00e9c\u00e9dant les votations.<\/li>\n<\/ul>\n <\/div>\n\t\t<\/div> \n\t<\/div>\n\t<\/div> \n<\/div><\/div>\n\t\t\t<\/div> \n\t\t<\/div>\n\t<\/div> \n\n\t<div  class=\"vc_col-sm-2 wpb_column column_container vc_column_container col left_margin_phone_0px\"  data-padding-pos=\"all\" data-has-bg-color=\"false\" data-bg-color=\"\" data-bg-opacity=\"1\" data-animation=\"\" data-delay=\"0\" >\n\t\t<div class=\"vc_column-inner\" >\n\t\t\t<div class=\"wpb_wrapper\">\n\t\t\t\t\n\t\t\t<\/div> \n\t\t<\/div>\n\t<\/div> \n<\/div><\/div>\n\t\t<div id=\"fws_69f052ad15bc0\"  data-br=\"10px\" data-br-applies=\"bg\" data-column-margin=\"10px\" data-midnight=\"light\"  class=\"wpb_row vc_row-fluid vc_row vc_row-o-equal-height vc_row-flex vc_row-o-content-middle  top_margin_10pct bottom_margin_25pct top_padding_phone_50px bottom_padding_phone_50px\"  style=\"padding-top: 40px; padding-bottom: 55px; \"><div class=\"row-bg-wrap\" data-bg-animation=\"none\" data-bg-animation-delay=\"\" data-bg-overlay=\"true\"><div class=\"inner-wrap row-bg-layer\" ><div class=\"row-bg viewport-desktop using-bg-color\"  style=\"background-color: #ffffff; \"><\/div><\/div><div class=\"row-bg-overlay row-bg-layer\" style=\"background: #153770; background: linear-gradient(90deg,#153770 0%,#FF4646 100%);  opacity: 0.95; \"><\/div><\/div><div class=\"row_col_wrap_12 col span_12 light left\">\n\t<div  class=\"vc_col-sm-5 wpb_column column_container vc_column_container col force-tablet-text-align-center force-phone-text-align-center el_spacing_10px left_padding_desktop_60px left_padding_phone_40px top_padding_desktop_0px top_padding_phone_0px right_padding_desktop_0px right_padding_phone_40px bottom_padding_desktop_0px bottom_padding_phone_0px\"  data-padding-pos=\"all\" data-has-bg-color=\"false\" data-bg-color=\"\" data-bg-opacity=\"1\" data-animation=\"\" data-delay=\"0\" >\n\t\t<div class=\"vc_column-inner\" >\n\t\t\t<div class=\"wpb_wrapper\">\n\t\t\t\t<div class=\"nectar-highlighted-text\" data-style=\"regular_underline\" data-exp=\"default\" data-underline-thickness=\"default\" data-using-custom-color=\"true\" data-animation-delay=\"false\" data-color=\"#FFFFFF\" data-color-gradient=\"\" style=\"\"><h2><em>Ouvrir l'argent + la politique<\/em><\/h2>\n<\/div>\n\t\t\t<\/div> \n\t\t<\/div>\n\t<\/div> \n\n\t<div  class=\"vc_col-sm-1 wpb_column column_container vc_column_container col no-extra-padding force-tablet-text-align-center force-phone-text-align-center inherit_tablet inherit_phone\"  data-padding-pos=\"all\" data-has-bg-color=\"false\" data-bg-color=\"\" data-bg-opacity=\"1\" data-animation=\"\" data-delay=\"0\" >\n\t\t<div class=\"vc_column-inner\" >\n\t\t\t<div class=\"wpb_wrapper\">\n\t\t\t\t\n\t\t\t<\/div> \n\t\t<\/div>\n\t<\/div> \n\n\t<div  class=\"vc_col-sm-6 wpb_column column_container vc_column_container col force-tablet-text-align-center force-phone-text-align-center right_padding_desktop_60px right_padding_phone_0px\"  data-padding-pos=\"all\" data-has-bg-color=\"false\" data-bg-color=\"\" data-bg-opacity=\"1\" data-animation=\"\" data-delay=\"0\" >\n\t\t<div class=\"vc_column-inner\" >\n\t\t\t<div class=\"wpb_wrapper\">\n\t\t\t\t<div id=\"fws_69f052ad1642f\" data-midnight=\"\" data-column-margin=\"default\" class=\"wpb_row vc_row-fluid vc_row inner_row\"  style=\"\"><div class=\"row-bg-wrap\"> <div class=\"row-bg\" ><\/div> <\/div><div class=\"row_col_wrap_12_inner col span_12  right\">\n\t<div  class=\"vc_col-sm-12 wpb_column column_container vc_column_container col child_column no-extra-padding inherit_tablet inherit_phone\"   data-padding-pos=\"all\" data-has-bg-color=\"false\" data-bg-color=\"\" data-bg-opacity=\"1\" data-animation=\"\" data-delay=\"0\" >\n\t\t<div class=\"vc_column-inner\" >\n\t\t<div class=\"wpb_wrapper\">\n\t\t\t<a class=\"nectar-button jumbo see-through-2  has-icon\"  role=\"button\" style=\"\" target=\"_blank\" href=\"https:\/\/moneyinpolitics.ch\/fr\" data-color-override=\"false\"  data-hover-color-override=\"#FF4646\" data-hover-text-color-override=\"#ffffff\"><span>en savoir plus<\/span><i  class=\"icon-button-arrow\"><\/i><\/a>\n\t\t<\/div> \n\t<\/div>\n\t<\/div> \n<\/div><\/div>\n\t\t\t<\/div> \n\t\t<\/div>\n\t<\/div> \n<\/div><\/div><div class=\"nectar-sticky-row-wrap nectar-sticky-row-wrap--bottom nectar-sticky-row-wrap--mobile\" style=\"z-index: 15;\">\n\t\t<div id=\"fws_69f052ad16aa6\"  data-column-margin=\"none\" data-midnight=\"dark\"  class=\"wpb_row vc_row-fluid vc_row full-width-section  top_margin_70px bottom_margin_-190px zindex-set bottom_margin_phone_-80px\"  style=\"padding-top: 10px; padding-bottom: 15px;  z-index: 15;\"><div class=\"row-bg-wrap\" data-bg-animation=\"none\" data-bg-animation-delay=\"\" data-bg-overlay=\"false\"><div class=\"inner-wrap row-bg-layer\" ><div class=\"row-bg viewport-desktop using-bg-color\"  style=\"background-color: #FF4646; \"><\/div><\/div><\/div><div class=\"row_col_wrap_12 col span_12 dark center\">\n\t<div  class=\"vc_col-sm-6 vc_col-xs-6 wpb_column column_container vc_column_container col force-desktop-text-align-right force-phone-text-align-left left_margin_phone_-5px top_padding_desktop_0px\"  data-padding-pos=\"all\" data-has-bg-color=\"false\" data-bg-color=\"\" data-bg-opacity=\"1\" data-animation=\"\" data-delay=\"0\" >\n\t\t<div class=\"vc_column-inner\" >\n\t\t\t<div class=\"wpb_wrapper\">\n\t\t\t\t<div class=\"divider-wrap height_phone_5px\" data-alignment=\"default\"><div style=\"height: 3px;\" class=\"divider\"><\/div><\/div><div class=\"nectar-highlighted-text font_line_height_1-3\" data-style=\"regular_underline\" data-exp=\"default\" data-underline-thickness=\"3px\" data-user-color=\"true\" style=\"color: #FFFFFF;\" data-using-custom-color=\"true\" data-animation-delay=\"false\" data-color=\"#7ACEF4\" data-color-gradient=\"\"><p><strong>Vous ne voulez pas manquer les derni\u00e8res actualit\u00e9s du lobby ?<\/strong><\/p>\n<\/div>\n\t\t\t<\/div> \n\t\t<\/div>\n\t<\/div> \n\n\t<div  class=\"vc_col-sm-6 vc_col-xs-6 wpb_column column_container vc_column_container col force-phone-text-align-center left_padding_desktop_50px left_padding_phone_0px\"  data-padding-pos=\"all\" data-has-bg-color=\"false\" data-bg-color=\"\" data-bg-opacity=\"1\" data-animation=\"\" data-delay=\"0\" >\n\t\t<div class=\"vc_column-inner\" >\n\t\t\t<div class=\"wpb_wrapper\">\n\t\t\t\t<div class=\"divider-wrap height_phone_20px\" data-alignment=\"default\"><div style=\"height: 7px;\" class=\"divider\"><\/div><\/div><div class=\"nectar-cta  hover_color_FFF4F4 text_hover_color_DD3333 border_radius_119px alignment_tablet_default alignment_phone_center display_tablet_inherit display_phone_inherit font_size_phone_14px\" data-color=\"white\" data-using-bg=\"true\" data-style=\"basic\" data-display=\"block\" data-alignment=\"left\" data-text-color=\"custom\" ><h6 style=\"color: #FF4646;\"><span class=\"link_wrap\" style=\"padding-top: 10px; padding-right: 25px; padding-bottom: 10px; padding-left: 25px;\"><a  class=\"link_text\" role=\"button\" href=\"#newsletter\"><span class=\"text\">Abonnez-vous \u00e0 notre newsletter<\/span><\/a><\/span><\/h6><\/div>\n\t\t\t<\/div> \n\t\t<\/div>\n\t<\/div> \n<\/div><\/div><\/div>","protected":false},"excerpt":{"rendered":"das Geld+die Politik ist ein online Transparenz-Tool das Geld + die Politik macht Politikfinanzierung transparent. Mit nur wenigen Klicks kann jede:r selbst nachschauen, wer mit wie viel Geld politisiert, und...","protected":false},"author":2,"featured_media":0,"parent":0,"menu_order":0,"comment_status":"closed","ping_status":"closed","template":"","meta":{"footnotes":""},"categories":[],"tags":[],"class_list":["post-7301","page","type-page","status-publish"],"_links":{"self":[{"href":"https:\/\/lobbywatch.ch\/fr\/wp-json\/wp\/v2\/pages\/7301","targetHints":{"allow":["GET"]}}],"collection":[{"href":"https:\/\/lobbywatch.ch\/fr\/wp-json\/wp\/v2\/pages"}],"about":[{"href":"https:\/\/lobbywatch.ch\/fr\/wp-json\/wp\/v2\/types\/page"}],"author":[{"embeddable":true,"href":"https:\/\/lobbywatch.ch\/fr\/wp-json\/wp\/v2\/users\/2"}],"replies":[{"embeddable":true,"href":"https:\/\/lobbywatch.ch\/fr\/wp-json\/wp\/v2\/comments?post=7301"}],"version-history":[{"count":30,"href":"https:\/\/lobbywatch.ch\/fr\/wp-json\/wp\/v2\/pages\/7301\/revisions"}],"predecessor-version":[{"id":7566,"href":"https:\/\/lobbywatch.ch\/fr\/wp-json\/wp\/v2\/pages\/7301\/revisions\/7566"}],"wp:attachment":[{"href":"https:\/\/lobbywatch.ch\/fr\/wp-json\/wp\/v2\/media?parent=7301"}],"wp:term":[{"taxonomy":"category","embeddable":true,"href":"https:\/\/lobbywatch.ch\/fr\/wp-json\/wp\/v2\/categories?post=7301"},{"taxonomy":"post_tag","embeddable":true,"href":"https:\/\/lobbywatch.ch\/fr\/wp-json\/wp\/v2\/tags?post=7301"}],"curies":[{"name":"wp","href":"https:\/\/api.w.org\/{rel}","templated":true}]}}