{"id":7254,"date":"2025-10-24T14:43:49","date_gmt":"2025-10-24T14:43:49","guid":{"rendered":"https:\/\/wp.lobbywatch.ch\/?page_id=7254"},"modified":"2026-02-26T09:22:37","modified_gmt":"2026-02-26T09:22:37","slug":"lobby-event-timeline","status":"publish","type":"page","link":"https:\/\/lobbywatch.ch\/fr\/lobby-event-timeline\/","title":{"rendered":"Outil 2 : Calndrier des \u00e9v\u00e9nevemts de lobbying"},"content":{"rendered":"<div id=\"fws_69f0f091348b2\"  data-column-margin=\"30px\" data-midnight=\"dark\" data-top-percent=\"10%\"  class=\"wpb_row vc_row-fluid vc_row full-width-section  reverse_columns_column_phone top_padding_tablet_8pct top_padding_phone_15pct\"  style=\"padding-top: calc(100vw * 0.10); padding-bottom: 0px; \"><div class=\"row-bg-wrap\" data-bg-animation=\"none\" data-bg-animation-delay=\"\" data-bg-overlay=\"false\"><div class=\"inner-wrap row-bg-layer\" ><div class=\"row-bg viewport-desktop\"  style=\"\"><\/div><\/div><\/div><div class=\"row_col_wrap_12 col span_12 dark left\">\n\t<div  class=\"vc_col-sm-1 wpb_column column_container vc_column_container col bottom_margin_tablet_10pct right_padding_desktop_10pct right_padding_phone_0px\"  data-padding-pos=\"all\" data-has-bg-color=\"false\" data-bg-color=\"\" data-bg-opacity=\"1\" data-animation=\"\" data-delay=\"0\" >\n\t\t<div class=\"vc_column-inner\" >\n\t\t\t<div class=\"wpb_wrapper\">\n\t\t\t\t\n\t\t\t<\/div> \n\t\t<\/div>\n\t<\/div> \n\n\t<div  class=\"vc_col-sm-9 wpb_column column_container vc_column_container col has-animation column_position_relative el_spacing_0px right_padding_desktop_10pct\"  data-border-radius=\"20px\" data-padding-pos=\"all\" data-has-bg-color=\"false\" data-bg-color=\"\" data-bg-opacity=\"1\" data-animation=\"fade-in-from-bottom\" data-delay=\"0\" >\n\t\t<div class=\"vc_column-inner\" >\n\t\t\t<div class=\"wpb_wrapper\">\n\t\t\t\t<div id=\"fws_69f0f0913509d\" data-midnight=\"\" data-column-margin=\"none\" class=\"wpb_row vc_row-fluid vc_row inner_row vc_row-o-equal-height vc_row-flex max_width_desktop_600px right_padding_tablet_5pct right_padding_phone_3pct\"  style=\"\"><div class=\"row-bg-wrap\"> <div class=\"row-bg\" ><\/div> <\/div><div class=\"row_col_wrap_12_inner col span_12  left\">\n\t<div  class=\"vc_col-sm-12 wpb_column column_container vc_column_container col child_column no-extra-padding el_spacing_0px inherit_tablet inherit_phone\"   data-padding-pos=\"all\" data-has-bg-color=\"false\" data-bg-color=\"\" data-bg-opacity=\"1\" data-animation=\"\" data-delay=\"0\" >\n\t\t<div class=\"vc_column-inner\" >\n\t\t<div class=\"wpb_wrapper\">\n\t\t\t<div class=\"nectar-highlighted-text\" data-style=\"regular_underline\" data-exp=\"default\" data-underline-thickness=\"4px\" data-using-custom-color=\"true\" data-animation-delay=\"false\" data-color=\"#2D99D8\" data-color-gradient=\"\" style=\"\"><h1><em>Le calendrier indique quand et o\u00f9 se tiennent les activit\u00e9s de lobbying<\/em><\/h1>\n<\/div><div class=\"divider-wrap\" data-alignment=\"default\"><div style=\"height: 20px;\" class=\"divider\"><\/div><\/div>\n\t\t<\/div> \n\t<\/div>\n\t<\/div> \n<\/div><\/div><div id=\"fws_69f0f09135562\" data-midnight=\"\" data-column-margin=\"none\" class=\"wpb_row vc_row-fluid vc_row inner_row vc_row-o-equal-height vc_row-flex right_padding_tablet_5pct right_padding_phone_3pct\"  style=\"\"><div class=\"row-bg-wrap\"> <div class=\"row-bg\" ><\/div> <\/div><div class=\"row_col_wrap_12_inner col span_12  left\">\n\t<div  class=\"vc_col-sm-12 wpb_column column_container vc_column_container col child_column no-extra-padding el_spacing_0px inherit_tablet inherit_phone\"   data-padding-pos=\"all\" data-has-bg-color=\"false\" data-bg-color=\"\" data-bg-opacity=\"1\" data-animation=\"\" data-delay=\"0\" >\n\t\t<div class=\"vc_column-inner\" >\n\t\t<div class=\"wpb_wrapper\">\n\t\t\t<div class=\"nectar-responsive-text nectar-link-underline-effect\"><p><strong>Pendant les semaines de session, des groupes d\u2019int\u00e9r\u00eats invitent les parlementaires \u00e0 des dizaines d\u2019\u00e9v\u00e9nements. <\/strong>Les membres du Parlement boivent et d\u00eenent aux frais d\u2019associations, de clubs et d\u2019entreprises. Entre les ap\u00e9ritifs, les d\u00e9jeuners et les d\u00eeners de gala, les lobbyistes ont l\u2019opportunit\u00e9 de faire valoir leurs revendications politiques et d\u2019entretenir leurs relations. Notre calendrier montre clairement qui invite qui et quand, et met en lumi\u00e8re les coulisses de la vie politique.<\/p>\n<\/div><div class=\"divider-wrap\" data-alignment=\"default\"><div style=\"height: 20px;\" class=\"divider\"><\/div><\/div>\n\t\t<\/div> \n\t<\/div>\n\t<\/div> \n<\/div><\/div><div class=\"nectar-fancy-ul\" data-list-icon=\"icon-salient-check\" data-animation=\"true\" data-animation-delay=\"0\" data-color=\"extra-color-2\" data-spacing=\"10px\" data-alignment=\"left\"> \n<ul>\n<li>Tous les \u00e9v\u00e9nements de lobbying dont nous avons connaissance pen-dant les semaines de session<\/li>\n<li><i class=\"icon-default-style icon-salient-check extra-color-2\"><\/i> Du petit-d\u00e9jeuner de r\u00e9seautage aux d\u00eeners de gala<\/li>\n<li><i class=\"icon-default-style icon-salient-check extra-color-2\"><\/i> Dans des h\u00f4tels de luxe, des clubs priv\u00e9s, des restaurants gastrono-miques ou des mus\u00e9es<\/li>\n<\/ul>\n <\/div>\n\t\t\t<\/div> \n\t\t<\/div>\n\t<\/div> \n\n\t<div style=\"\" class=\"vc_col-sm-2 wpb_column column_container vc_column_container col no-extra-padding inherit_tablet inherit_phone\" data-using-bg=\"true\" data-border-radius=\"10px\" data-shadow=\"small_depth\" data-bg-cover=\"true\" data-padding-pos=\"all\" data-has-bg-color=\"false\" data-bg-color=\"\" data-bg-opacity=\"1\" data-animation=\"\" data-delay=\"0\" >\n\t\t<div class=\"vc_column-inner\" ><div class=\"column-image-bg-wrap column-bg-layer viewport-desktop\" data-bg-pos=\"center center\" data-bg-animation=\"none\" data-bg-overlay=\"false\"><div class=\"inner-wrap\"><div class=\"column-image-bg\" style=\" background-image: url('https:\/\/lobbywatch.ch\/wp-content\/uploads\/2025\/09\/screenshot_platzhalter_timeline.jpg'); \"><\/div><\/div><\/div><div class=\"column-bg-overlay-wrap column-bg-layer\" data-bg-animation=\"none\"><div class=\"column-bg-overlay\"><\/div><\/div>\n\t\t\t<div class=\"wpb_wrapper\">\n\t\t\t\t\n\t\t\t<\/div> \n\t\t<\/div>\n\t<\/div> \n<\/div><\/div>\n\t\t<div id=\"fws_69f0f09136258\"  data-column-margin=\"default\" data-midnight=\"dark\"  class=\"wpb_row vc_row-fluid vc_row full-width-section vc_row-o-equal-height vc_row-flex vc_row-o-content-middle  top_padding_phone_-70px\"  style=\"padding-top: 0px; padding-bottom: 0px; \"><div class=\"row-bg-wrap\" data-bg-animation=\"none\" data-bg-animation-delay=\"\" data-bg-overlay=\"false\"><div class=\"inner-wrap row-bg-layer\" ><div class=\"row-bg viewport-desktop\"  style=\"\"><\/div><\/div><\/div><div class=\"row_col_wrap_12 col span_12 dark left\">\n\t<div  class=\"vc_col-sm-1 vc_hidden-xs wpb_column column_container vc_column_container col no-extra-padding force-tablet-text-align-center force-phone-text-align-center inherit_tablet inherit_phone\"  data-padding-pos=\"all\" data-has-bg-color=\"false\" data-bg-color=\"\" data-bg-opacity=\"1\" data-animation=\"\" data-delay=\"0\" >\n\t\t<div class=\"vc_column-inner\" >\n\t\t\t<div class=\"wpb_wrapper\">\n\t\t\t\t\n\t\t\t<\/div> \n\t\t<\/div>\n\t<\/div> \n\n\t<div style=\"\" class=\"vc_col-sm-1 vc_col-md-10 wpb_column column_container vc_column_container col has-animation right_margin_10pct top_margin_phone_-40px bottom_margin_phone_-40px right_margin_phone_0px\" data-using-bg=\"true\" data-border-radius=\"10px\" data-shadow=\"small_depth\" data-border-animation=\"\" data-border-animation-delay=\"\" data-border-width=\"5px\" data-border-style=\"solid\" data-border-color=\"#FFFFFF\" data-padding-pos=\"all\" data-has-bg-color=\"true\" data-bg-color=\"#D3DDE3\" data-bg-opacity=\"1\" data-animation=\"fade-in-from-bottom\" data-delay=\"0\" >\n\t\t<div class=\"vc_column-inner\" style=\"border: 5px solid #FFFFFF;\"><div class=\"column-bg-overlay-wrap column-bg-layer\" data-bg-animation=\"none\"><div class=\"column-bg-overlay\" style=\"opacity: 1; background-color: #D3DDE3;\"><\/div><\/div>\n\t\t\t<div class=\"wpb_wrapper\">\n\t\t\t\t<div id=\"fws_69f0f09136778\" data-midnight=\"\" data-column-margin=\"none\" class=\"wpb_row vc_row-fluid vc_row inner_row  vc_custom_1761322210076 right_padding_50px left_padding_40px top_padding_phone_25px bottom_padding_phone_25px right_padding_phone_20px left_padding_phone_20px\"  style=\"padding-top: 27px; padding-bottom: 25px; \"><div class=\"row-bg-wrap\"> <div class=\"row-bg\" ><\/div> <\/div><div class=\"row_col_wrap_12_inner col span_12  left\">\n\t<div  class=\"vc_col-sm-6 wpb_column column_container vc_column_container col child_column no-extra-padding force-phone-text-align-center inherit_tablet inherit_phone\"   data-padding-pos=\"all\" data-has-bg-color=\"false\" data-bg-color=\"\" data-bg-opacity=\"1\" data-animation=\"\" data-delay=\"0\" >\n\t\t<div class=\"vc_column-inner\" >\n\t\t<div class=\"wpb_wrapper\">\n\t\t\t<div class=\"nectar-highlighted-text\" data-style=\"regular_underline\" data-exp=\"default\" data-underline-thickness=\"2px\" data-using-custom-color=\"true\" data-animation-delay=\"false\" data-color=\"#2D99D8\" data-color-gradient=\"\" style=\"\"><h3>Signaler une information?<\/h3>\n<\/div>\n\t\t<\/div> \n\t<\/div>\n\t<\/div> \n\n\t<div  class=\"vc_col-sm-6 wpb_column column_container vc_column_container col child_column no-extra-padding force-phone-text-align-center inherit_tablet inherit_phone\"   data-padding-pos=\"all\" data-has-bg-color=\"false\" data-bg-color=\"\" data-bg-opacity=\"1\" data-animation=\"\" data-delay=\"0\" >\n\t\t<div class=\"vc_column-inner\" >\n\t\t<div class=\"wpb_wrapper\">\n\t\t\t<div class=\"nectar-cta custom-link-color-3 text_hover_color_DD3333 alignment_tablet_default alignment_phone_default display_tablet_inherit display_phone_inherit\" data-color=\"default\" data-using-bg=\"false\" data-style=\"basic\" data-display=\"block\" data-alignment=\"right\" data-text-color=\"custom\" style=\"margin-top: 5px; \"><h6 style=\"color: #FF4646;\"><span class=\"link_wrap\" ><a  class=\"link_text\" role=\"button\" href=\"mailto:info@lobbywatch.ch\"><span class=\"text\">Contactez-nous.<\/span><\/a><\/span><\/h6><\/div>\n\t\t<\/div> \n\t<\/div>\n\t<\/div> \n<\/div><\/div>\n\t\t\t<\/div> \n\t\t<\/div>\n\t<\/div> \n\n\t<div  class=\"vc_col-sm-1 vc_hidden-xs wpb_column column_container vc_column_container col no-extra-padding inherit_tablet inherit_phone\"  data-padding-pos=\"all\" data-has-bg-color=\"false\" data-bg-color=\"\" data-bg-opacity=\"1\" data-animation=\"\" data-delay=\"0\" >\n\t\t<div class=\"vc_column-inner\" >\n\t\t\t<div class=\"wpb_wrapper\">\n\t\t\t\t\n\t\t\t<\/div> \n\t\t<\/div>\n\t<\/div> \n<\/div><\/div>\n\t\t<div id=\"fws_69f0f09137164\"  data-column-margin=\"30px\" data-midnight=\"dark\"  class=\"wpb_row vc_row-fluid vc_row full-width-section  reverse_columns_column_phone top_padding_phone_-70px\"  style=\"padding-top: 0px; padding-bottom: 0px; \"><div class=\"row-bg-wrap\" data-bg-animation=\"none\" data-bg-animation-delay=\"\" data-bg-overlay=\"false\"><div class=\"inner-wrap row-bg-layer\" ><div class=\"row-bg viewport-desktop\"  style=\"\"><\/div><\/div><\/div><div class=\"row_col_wrap_12 col span_12 dark left\">\n\t<div  class=\"vc_col-sm-1 vc_hidden-xs wpb_column column_container vc_column_container col bottom_margin_tablet_10pct right_padding_desktop_10pct right_padding_phone_0px\"  data-padding-pos=\"all\" data-has-bg-color=\"false\" data-bg-color=\"\" data-bg-opacity=\"1\" data-animation=\"\" data-delay=\"0\" >\n\t\t<div class=\"vc_column-inner\" >\n\t\t\t<div class=\"wpb_wrapper\">\n\t\t\t\t\n\t\t\t<\/div> \n\t\t<\/div>\n\t<\/div> \n\n\t<div  class=\"vc_col-sm-8 wpb_column column_container vc_column_container col no-extra-padding column_position_relative el_spacing_0px inherit_tablet inherit_phone\"  data-border-radius=\"20px\" data-padding-pos=\"left-right\" data-has-bg-color=\"false\" data-bg-color=\"\" data-bg-opacity=\"1\" data-animation=\"\" data-delay=\"0\" >\n\t\t<div class=\"vc_column-inner\" >\n\t\t\t<div class=\"wpb_wrapper\">\n\t\t\t\t<div id=\"fws_69f0f0913761e\" data-midnight=\"\" data-column-margin=\"none\" class=\"wpb_row vc_row-fluid vc_row inner_row Next-Section-Buttons\"  style=\"padding-top: 35px; \"><div class=\"row-bg-wrap\"> <div class=\"row-bg\" ><\/div> <\/div><div class=\"row_col_wrap_12_inner col span_12  left\">\n\t<div  class=\"vc_col-sm-2\/5 wpb_column column_container vc_column_container col child_column centered-text no-extra-padding inherit_tablet inherit_phone\"   data-padding-pos=\"all\" data-has-bg-color=\"false\" data-bg-color=\"\" data-bg-opacity=\"1\" data-animation=\"\" data-delay=\"0\" >\n\t\t<div class=\"vc_column-inner\" >\n\t\t<div class=\"wpb_wrapper\">\n\t\t\t<div class=\"nectar-cta  text_hover_color_FF4C4C alignment_tablet_default alignment_phone_default display_tablet_inherit display_phone_inherit\" data-color=\"default\" data-using-bg=\"false\" data-style=\"see-through\" data-display=\"block\" data-alignment=\"left\" data-text-color=\"std\" ><h6> <span class=\"text\"> <\/span><span class=\"link_wrap\" ><a  class=\"link_text\" role=\"button\" href=\"#timeline\">Vers le calendrier<span class=\"arrow\"><\/span><\/a><\/span><\/h6><\/div><div class=\"divider-wrap height_phone_5px\" data-alignment=\"default\"><div style=\"height: 1px;\" class=\"divider\"><\/div><\/div>\n\t\t<\/div> \n\t<\/div>\n\t<\/div> \n\n\t<div  class=\"vc_col-sm-2\/5 wpb_column column_container vc_column_container col child_column no-extra-padding force-desktop-text-align-left inherit_tablet inherit_phone\"   data-padding-pos=\"all\" data-has-bg-color=\"false\" data-bg-color=\"\" data-bg-opacity=\"1\" data-animation=\"\" data-delay=\"0\" >\n\t\t<div class=\"vc_column-inner\" >\n\t\t<div class=\"wpb_wrapper\">\n\t\t\t\n\t\t<\/div> \n\t<\/div>\n\t<\/div> \n\n\t<div  class=\"vc_col-sm-1\/5 wpb_column column_container vc_column_container col child_column no-extra-padding inherit_tablet inherit_phone\"   data-padding-pos=\"all\" data-has-bg-color=\"false\" data-bg-color=\"\" data-bg-opacity=\"1\" data-animation=\"\" data-delay=\"0\" >\n\t\t<div class=\"vc_column-inner\" >\n\t\t<div class=\"wpb_wrapper\">\n\t\t\t\n\t\t<\/div> \n\t<\/div>\n\t<\/div> \n<\/div><\/div>\n\t\t\t<\/div> \n\t\t<\/div>\n\t<\/div> \n\n\t<div style=\"\" class=\"vc_col-sm-2 wpb_column column_container vc_column_container col no-extra-padding inherit_tablet inherit_phone\" data-using-bg=\"true\" data-border-radius=\"10px\" data-shadow=\"small_depth\" data-bg-cover=\"true\" data-padding-pos=\"all\" data-has-bg-color=\"false\" data-bg-color=\"\" data-bg-opacity=\"1\" data-animation=\"\" data-delay=\"0\" >\n\t\t<div class=\"vc_column-inner\" ><div class=\"column-image-bg-wrap column-bg-layer viewport-desktop\" data-bg-pos=\"center center\" data-bg-animation=\"none\" data-bg-overlay=\"false\"><div class=\"inner-wrap\"><div class=\"column-image-bg\" style=\" background-image: url('https:\/\/lobbywatch.ch\/wp-content\/uploads\/2025\/09\/screenshot_platzhalter_timeline.jpg'); \"><\/div><\/div><\/div><div class=\"column-bg-overlay-wrap column-bg-layer\" data-bg-animation=\"none\"><div class=\"column-bg-overlay\"><\/div><\/div>\n\t\t\t<div class=\"wpb_wrapper\">\n\t\t\t\t\n\t\t\t<\/div> \n\t\t<\/div>\n\t<\/div> \n\n\t<div  class=\"vc_col-sm-1 wpb_column column_container vc_column_container col no-extra-padding inherit_tablet inherit_phone\"  data-padding-pos=\"all\" data-has-bg-color=\"false\" data-bg-color=\"\" data-bg-opacity=\"1\" data-animation=\"\" data-delay=\"0\" >\n\t\t<div class=\"vc_column-inner\" >\n\t\t\t<div class=\"wpb_wrapper\">\n\t\t\t\t\n\t\t\t<\/div> \n\t\t<\/div>\n\t<\/div> \n<\/div><\/div>\n\t\t<div id=\"timeline\"  data-column-margin=\"default\" data-midnight=\"dark\" data-bottom-percent=\"15%\"  class=\"wpb_row vc_row-fluid vc_row full-width-content vc_row-o-equal-height vc_row-flex vc_row-o-content-top  right_padding_20px left_padding_20px\"  style=\"padding-top: 40px; padding-bottom: calc(100vw * 0.15); \"><div class=\"row-bg-wrap\" data-bg-animation=\"none\" data-bg-animation-delay=\"\" data-bg-overlay=\"false\"><div class=\"inner-wrap row-bg-layer\" ><div class=\"row-bg viewport-desktop\"  style=\"\"><\/div><\/div><\/div><div class=\"row_col_wrap_12 col span_12 dark left\">\n\t<div  class=\"vc_col-sm-12 wpb_column column_container vc_column_container col no-extra-padding inherit_tablet inherit_phone\"  data-padding-pos=\"all\" data-has-bg-color=\"false\" data-bg-color=\"\" data-bg-opacity=\"1\" data-animation=\"\" data-delay=\"0\" >\n\t\t<div class=\"vc_column-inner\" >\n\t\t\t<div class=\"wpb_wrapper\">\n\t\t\t\t\n\t<div class=\"wpb_raw_code wpb_raw_html wpb_content_element\" >\n\t\t<div class=\"wpb_wrapper\">\n\t\t\t<iframe src='https:\/\/cdn.knightlab.com\/libs\/timeline3\/latest\/embed\/index.html?source=v2%3A2PACX-1vQvD11UOCUDRZSS2Pn7xIJgPK8j6_IfQUFDRd0ArWG-GUKE17x1JZZhiylzmbmwPhkI_z0m3PzPMbzx&font=Default&lang=en&initial_zoom=2&start_at_slide=188&width=100%25&height=650' width='100%' height='650' webkitallowfullscreen mozallowfullscreen allowfullscreen frameborder='0'><\/iframe>\n\t\t<\/div>\n\t<\/div>\n\n\t\t\t<\/div> \n\t\t<\/div>\n\t<\/div> \n<\/div><\/div><div class=\"nectar-sticky-row-wrap nectar-sticky-row-wrap--bottom nectar-sticky-row-wrap--mobile\" style=\"z-index: 15;\">\n\t\t<div id=\"fws_69f0f091386e0\"  data-column-margin=\"none\" data-midnight=\"dark\"  class=\"wpb_row vc_row-fluid vc_row full-width-section  top_margin_70px bottom_margin_-190px zindex-set bottom_margin_phone_-80px\"  style=\"padding-top: 10px; padding-bottom: 15px;  z-index: 15;\"><div class=\"row-bg-wrap\" data-bg-animation=\"none\" data-bg-animation-delay=\"\" data-bg-overlay=\"false\"><div class=\"inner-wrap row-bg-layer\" ><div class=\"row-bg viewport-desktop using-bg-color\"  style=\"background-color: #FF4646; \"><\/div><\/div><\/div><div class=\"row_col_wrap_12 col span_12 dark center\">\n\t<div  class=\"vc_col-sm-6 vc_col-xs-6 wpb_column column_container vc_column_container col force-desktop-text-align-right force-phone-text-align-left left_margin_phone_-5px top_padding_desktop_0px\"  data-padding-pos=\"all\" data-has-bg-color=\"false\" data-bg-color=\"\" data-bg-opacity=\"1\" data-animation=\"\" data-delay=\"0\" >\n\t\t<div class=\"vc_column-inner\" >\n\t\t\t<div class=\"wpb_wrapper\">\n\t\t\t\t<div class=\"divider-wrap height_phone_5px\" data-alignment=\"default\"><div style=\"height: 3px;\" class=\"divider\"><\/div><\/div><div class=\"nectar-highlighted-text font_line_height_1-3\" data-style=\"regular_underline\" data-exp=\"default\" data-underline-thickness=\"3px\" data-user-color=\"true\" style=\"color: #FFFFFF;\" data-using-custom-color=\"true\" data-animation-delay=\"false\" data-color=\"#7ACEF4\" data-color-gradient=\"\"><p><strong>Vous ne voulez pas manquer les derni\u00e8res actualit\u00e9s du lobby ?<\/strong><\/p>\n<\/div>\n\t\t\t<\/div> \n\t\t<\/div>\n\t<\/div> \n\n\t<div  class=\"vc_col-sm-6 vc_col-xs-6 wpb_column column_container vc_column_container col force-phone-text-align-center left_padding_desktop_50px left_padding_phone_0px\"  data-padding-pos=\"all\" data-has-bg-color=\"false\" data-bg-color=\"\" data-bg-opacity=\"1\" data-animation=\"\" data-delay=\"0\" >\n\t\t<div class=\"vc_column-inner\" >\n\t\t\t<div class=\"wpb_wrapper\">\n\t\t\t\t<div class=\"divider-wrap height_phone_20px\" data-alignment=\"default\"><div style=\"height: 7px;\" class=\"divider\"><\/div><\/div><div class=\"nectar-cta  hover_color_FFF4F4 text_hover_color_DD3333 border_radius_119px alignment_tablet_default alignment_phone_center display_tablet_inherit display_phone_inherit font_size_phone_14px\" data-color=\"white\" data-using-bg=\"true\" data-style=\"basic\" data-display=\"block\" data-alignment=\"left\" data-text-color=\"custom\" ><h6 style=\"color: #FF4646;\"><span class=\"link_wrap\" style=\"padding-top: 10px; padding-right: 25px; padding-bottom: 10px; padding-left: 25px;\"><a  class=\"link_text\" role=\"button\" href=\"#newsletter\"><span class=\"text\">Abonnez-vous \u00e0 notre newsletter<\/span><\/a><\/span><\/h6><\/div>\n\t\t\t<\/div> \n\t\t<\/div>\n\t<\/div> \n<\/div><\/div><\/div>","protected":false},"excerpt":{"rendered":"Die Timeline zeigt, wann und wo lobbyiert wird W\u00e4hrend der Sessionswochen werden Parlamentarier:innen zu dutzenden Lobby-Events eingeladen. Parlamentsmitglieder trinken und dinieren auf Kosten von Verb\u00e4nden, Vereinen und Unternehmen. Zwischen Ap\u00e9ros,...","protected":false},"author":2,"featured_media":0,"parent":0,"menu_order":0,"comment_status":"closed","ping_status":"closed","template":"","meta":{"footnotes":""},"categories":[],"tags":[],"class_list":["post-7254","page","type-page","status-publish"],"_links":{"self":[{"href":"https:\/\/lobbywatch.ch\/fr\/wp-json\/wp\/v2\/pages\/7254","targetHints":{"allow":["GET"]}}],"collection":[{"href":"https:\/\/lobbywatch.ch\/fr\/wp-json\/wp\/v2\/pages"}],"about":[{"href":"https:\/\/lobbywatch.ch\/fr\/wp-json\/wp\/v2\/types\/page"}],"author":[{"embeddable":true,"href":"https:\/\/lobbywatch.ch\/fr\/wp-json\/wp\/v2\/users\/2"}],"replies":[{"embeddable":true,"href":"https:\/\/lobbywatch.ch\/fr\/wp-json\/wp\/v2\/comments?post=7254"}],"version-history":[{"count":59,"href":"https:\/\/lobbywatch.ch\/fr\/wp-json\/wp\/v2\/pages\/7254\/revisions"}],"predecessor-version":[{"id":8790,"href":"https:\/\/lobbywatch.ch\/fr\/wp-json\/wp\/v2\/pages\/7254\/revisions\/8790"}],"wp:attachment":[{"href":"https:\/\/lobbywatch.ch\/fr\/wp-json\/wp\/v2\/media?parent=7254"}],"wp:term":[{"taxonomy":"category","embeddable":true,"href":"https:\/\/lobbywatch.ch\/fr\/wp-json\/wp\/v2\/categories?post=7254"},{"taxonomy":"post_tag","embeddable":true,"href":"https:\/\/lobbywatch.ch\/fr\/wp-json\/wp\/v2\/tags?post=7254"}],"curies":[{"name":"wp","href":"https:\/\/api.w.org\/{rel}","templated":true}]}}