{"id":6967,"date":"2025-10-15T12:11:36","date_gmt":"2025-10-15T12:11:36","guid":{"rendered":"https:\/\/wp.lobbywatch.ch\/?page_id=6967"},"modified":"2026-01-02T14:46:46","modified_gmt":"2026-01-02T14:46:46","slug":"hinweise-melden","status":"publish","type":"page","link":"https:\/\/lobbywatch.ch\/fr\/hinweise-melden\/","title":{"rendered":"Signaler une information"},"content":{"rendered":"<div id=\"fws_69d630ed55ba7\"  data-column-margin=\"default\" data-midnight=\"light\" data-top-percent=\"10%\"  class=\"wpb_row vc_row-fluid vc_row  top_padding_tablet_15pct top_padding_phone_28pct\"  style=\"padding-top: calc(100vw * 0.10); padding-bottom: 0px; \"><div class=\"row-bg-wrap\" data-bg-animation=\"none\" data-bg-animation-delay=\"\" data-bg-overlay=\"false\"><div class=\"inner-wrap row-bg-layer\" ><div class=\"row-bg viewport-desktop\"  style=\"\"><\/div><\/div><\/div><div class=\"row_col_wrap_12 col span_12 light left\">\n\t<div style=\"\" class=\"vc_col-sm-12 wpb_column column_container vc_column_container col el_spacing_0px left_padding_desktop_8pct right_padding_desktop_8pct bottom_padding_desktop_3pct\" data-using-bg=\"true\" data-border-radius=\"10px\" data-overlay-color=\"true\" data-bg-cover=\"true\" data-padding-pos=\"all\" data-has-bg-color=\"false\" data-bg-color=\"\" data-bg-opacity=\"1\" data-animation=\"\" data-delay=\"0\" >\n\t\t<div class=\"vc_column-inner\" ><div class=\"column-image-bg-wrap column-bg-layer viewport-desktop\" data-bg-pos=\"center center\" data-bg-animation=\"none\" data-bg-overlay=\"true\"><div class=\"inner-wrap\"><div class=\"column-image-bg\" style=\" background-image: url('https:\/\/lobbywatch.ch\/wp-content\/uploads\/2025\/09\/Lobbyist.jpg'); \"><\/div><\/div><\/div><div class=\"column-bg-overlay-wrap column-bg-layer\" data-bg-animation=\"none\"><div class=\"column-bg-overlay\"><\/div><div class=\"column-overlay-layer\" style=\"background: #153770; background: linear-gradient(135deg,#153770 0%,#2D99D8 100%);  opacity: 0.5; \"><\/div><\/div>\n\t\t\t<div class=\"wpb_wrapper\">\n\t\t\t\t<div class=\"divider-wrap height_phone_50px\" data-alignment=\"default\"><div style=\"height: 150px;\" class=\"divider\"><\/div><\/div>\n<div class=\"wpb_text_column wpb_content_element  text_direction_ltr\" style=\" max-width: 700px; display: inline-block;\">\n\t<div class=\"wpb_wrapper\">\n\t\t<h1 style=\"text-align: left;\">Signaler une information?<\/h1>\n\t<\/div>\n<\/div>\n\n\n\n<div class=\"divider-wrap\" data-alignment=\"default\"><div style=\"margin-top: 12.5px; width: 80px; height: 2px; margin-bottom: 12.5px;\" data-width=\"80px\" data-animate=\"yes\" data-animation-delay=\"\" data-color=\"extra-color-2\" class=\"divider-small-border\"><\/div><\/div>\n\t\t\t<\/div> \n\t\t<\/div>\n\t<\/div> \n<\/div><\/div>\n\t\t<div id=\"fws_69d630ed56715\"  data-column-margin=\"none\" data-midnight=\"dark\"  class=\"wpb_row vc_row-fluid vc_row full-width-section  reverse_columns_column_phone\"  style=\"padding-top: 0px; padding-bottom: 0px; \"><div class=\"row-bg-wrap\" data-bg-animation=\"none\" data-bg-animation-delay=\"\" data-bg-overlay=\"false\"><div class=\"inner-wrap row-bg-layer\" ><div class=\"row-bg viewport-desktop\"  style=\"\"><\/div><\/div><\/div><div class=\"row_col_wrap_12 col span_12 dark left\">\n\t<div  class=\"vc_col-sm-1 vc_hidden-xs wpb_column column_container vc_column_container col centered-text no-extra-padding inherit_tablet inherit_phone\"  data-padding-pos=\"all\" data-has-bg-color=\"false\" data-bg-color=\"\" data-bg-opacity=\"1\" data-animation=\"\" data-delay=\"0\" >\n\t\t<div class=\"vc_column-inner\" >\n\t\t\t<div class=\"wpb_wrapper\">\n\t\t\t\t\n\t\t\t<\/div> \n\t\t<\/div>\n\t<\/div> \n\n\t<div  class=\"vc_col-sm-8 wpb_column column_container vc_column_container col no-extra-padding el_spacing_0px inherit_tablet inherit_phone\"  data-padding-pos=\"all\" data-has-bg-color=\"false\" data-bg-color=\"\" data-bg-opacity=\"1\" data-animation=\"\" data-delay=\"0\" >\n\t\t<div class=\"vc_column-inner\" >\n\t\t\t<div class=\"wpb_wrapper\">\n\t\t\t\t\n<div class=\"wpb_text_column wpb_content_element  text_direction_ltr\" style=\" max-width: 700px; display: inline-block;\">\n\t<div class=\"wpb_wrapper\">\n\t\t<div class=\"wpb_text_column wpb_content_element text_direction_ltr\">\n<div class=\"wpb_wrapper\">\n<p><strong>Connaissez-vous des mandats non d\u00e9clar\u00e9s, des conflits d\u2019int\u00e9r\u00eats ou des \u00e9v\u00e9nements de lobbying\u2009? Vous pouvez nous transmettre vos informations \u2013 y compris de mani\u00e8re anonyme.<\/strong><\/p>\n<\/div>\n<\/div>\n\t<\/div>\n<\/div>\n\n\n\n<div class=\"divider-wrap\" data-alignment=\"default\"><div style=\"height: 10px;\" class=\"divider\"><\/div><\/div>\n<div class=\"wpb_text_column wpb_content_element  text_direction_ltr\" style=\" max-width: 700px; display: inline-block;\">\n\t<div class=\"wpb_wrapper\">\n\t\t<p style=\"text-align: left;\">Vos signalements nous aident \u00e0 am\u00e9liorer la base de donn\u00e9es et \u00e0 combler les la-cunes en mati\u00e8re de transparence. Que vous ayez rep\u00e9r\u00e9 une erreur, identifi\u00e9 un conflit d\u2019int\u00e9r\u00eats ou eu vent d\u2019un \u00e9v\u00e9nement de lobbying, nous prenons chaque information au s\u00e9rieux et l\u2019examinons avec soin.<\/p>\n<p>\u00c9crivez-nous \u00e0 <a href=\"mailto:info@lobbywatch.ch\"><strong>info@lobbywatch.ch.<\/strong><\/a><br \/>\nOu contactez-nous <a href=\"#fragen\"><strong>anonym.<\/strong><\/a><\/p>\n\t<\/div>\n<\/div>\n\n\n\n<div class=\"divider-wrap\" data-alignment=\"default\"><div style=\"height: 50px;\" class=\"divider\"><\/div><\/div><div id=\"fws_69d630ed56e68\" data-midnight=\"\" data-column-margin=\"default\" class=\"wpb_row vc_row-fluid vc_row inner_row Next-Section-Buttons\"  style=\"\"><div class=\"row-bg-wrap\"> <div class=\"row-bg\" ><\/div> <\/div><div class=\"row_col_wrap_12_inner col span_12  left\">\n\t<div  class=\"vc_col-sm-12 wpb_column column_container vc_column_container col child_column no-extra-padding column_element_direction_desktop_horizontal el_spacing_20px inherit_tablet inherit_phone\"   data-padding-pos=\"all\" data-has-bg-color=\"false\" data-bg-color=\"\" data-bg-opacity=\"1\" data-animation=\"\" data-delay=\"0\" >\n\t\t<div class=\"vc_column-inner\" >\n\t\t<div class=\"wpb_wrapper\">\n\t\t\t<div class=\"nectar-cta  text_hover_color_FF4C4C alignment_tablet_default alignment_phone_default display_tablet_inherit display_phone_inherit\" data-color=\"default\" data-using-bg=\"false\" data-style=\"see-through\" data-display=\"block\" data-alignment=\"left\" data-text-color=\"std\" ><h6> <span class=\"text\"> <\/span><span class=\"link_wrap\" ><a  class=\"link_text\" role=\"button\" href=\"#fragen\">Mehr informationen dazu im Q&amp;A<span class=\"arrow\"><\/span><\/a><\/span><\/h6><\/div>\n\t\t<\/div> \n\t<\/div>\n\t<\/div> \n<\/div><\/div>\n\t\t\t<\/div> \n\t\t<\/div>\n\t<\/div> \n\n\t<div  class=\"vc_col-sm-2 wpb_column column_container vc_column_container col no-extra-padding inherit_tablet inherit_phone\"  data-padding-pos=\"all\" data-has-bg-color=\"false\" data-bg-color=\"\" data-bg-opacity=\"1\" data-animation=\"\" data-delay=\"0\" >\n\t\t<div class=\"vc_column-inner\" >\n\t\t\t<div class=\"wpb_wrapper\">\n\t\t\t\t\n\t\t\t<\/div> \n\t\t<\/div>\n\t<\/div> \n\n\t<div  class=\"vc_col-sm-1 wpb_column column_container vc_column_container col no-extra-padding inherit_tablet inherit_phone\"  data-padding-pos=\"all\" data-has-bg-color=\"false\" data-bg-color=\"\" data-bg-opacity=\"1\" data-animation=\"\" data-delay=\"0\" >\n\t\t<div class=\"vc_column-inner\" >\n\t\t\t<div class=\"wpb_wrapper\">\n\t\t\t\t\n\t\t\t<\/div> \n\t\t<\/div>\n\t<\/div> \n<\/div><\/div>\n\t\t<div id=\"fragen\"  data-column-margin=\"custom\" data-midnight=\"dark\" data-top-percent=\"6%\" data-bottom-percent=\"12%\"  class=\"wpb_row vc_row-fluid vc_row  column-margin-0vw top_padding_phone_40pct\"  style=\"padding-top: calc(100vw * 0.06); padding-bottom: calc(100vw * 0.12); \"><div class=\"row-bg-wrap\" data-bg-animation=\"none\" data-bg-animation-delay=\"\" data-bg-overlay=\"false\"><div class=\"inner-wrap row-bg-layer\" ><div class=\"row-bg viewport-desktop\"  style=\"\"><\/div><\/div><\/div><div class=\"row_col_wrap_12 col span_12 dark left\">\n\t<div  class=\"vc_col-sm-1 wpb_column column_container vc_column_container col el_spacing_0px\"  data-padding-pos=\"all\" data-has-bg-color=\"false\" data-bg-color=\"\" data-bg-opacity=\"1\" data-animation=\"\" data-delay=\"0\" >\n\t\t<div class=\"vc_column-inner\" >\n\t\t\t<div class=\"wpb_wrapper\">\n\t\t\t\t\n\t\t\t<\/div> \n\t\t<\/div>\n\t<\/div> \n\n\t<div  class=\"vc_col-sm-5 wpb_column column_container vc_column_container col el_spacing_10px top_margin_phone_-40px\"  data-padding-pos=\"all\" data-has-bg-color=\"false\" data-bg-color=\"\" data-bg-opacity=\"1\" data-animation=\"\" data-delay=\"0\" >\n\t\t<div class=\"vc_column-inner\" >\n\t\t\t<div class=\"wpb_wrapper\">\n\t\t\t\t\n<div class=\"wpb_text_column wpb_content_element  text_direction_ltr\" >\n\t<div class=\"wpb_wrapper\">\n\t\t<h2 style=\"text-align: left;\">Questions fr\u00e9quentes :<\/h2>\n\t<\/div>\n<\/div>\n\n\n\n<div class=\"divider-wrap\" data-alignment=\"default\"><div style=\"margin-top: 12.5px; height: 2px; margin-bottom: 12.5px;\" data-width=\"100%\" data-animate=\"yes\" data-animation-delay=\"\" data-color=\"extra-color-2\" class=\"divider-border\"><\/div><\/div><div class=\"divider-wrap\" data-alignment=\"default\"><div style=\"height: 20px;\" class=\"divider\"><\/div><\/div><div class=\"toggles accordion\" data-br=\"\" data-starting=\"closed\" data-style=\"minimal\"><div class=\"toggle default\" data-inner-wrap=\"true\"><h3 class=\"toggle-title\"><a href=\"#\" role=\"button\" class=\"toggle-heading\"><i role=\"presentation\" class=\"fa fa-plus-circle\"><\/i>Comment puis-je signaler des informations de mani\u00e8re anonyme ?<\/a><\/h3><div><div class=\"inner-toggle-wrap\">\n<div class=\"wpb_text_column wpb_content_element\" >\n\t<div class=\"wpb_wrapper\">\n\t\t<p>Willst du uns anonym kontaktieren, kannst du bei <a href=\"https:\/\/account.proton.me\/de\/mail\/signup\">Proton-Mail<\/a> eine anonyme Mail-Adresse erstellen, die keine R\u00fcckschl\u00fcsse auf deine Identit\u00e4t zul\u00e4sst.<\/p>\n<p><span data-contrast=\"auto\">Mit folgenden Schritten kannst du uns verschl\u00fcsselt und anonym heikle Dateien zukommen lassen. Nutze dazu auf keinen Fall den Computer oder das Handy deines Arbeitgebers.<\/span><span data-ccp-props=\"{&quot;134233117&quot;:false,&quot;134233118&quot;:false,&quot;335559738&quot;:0,&quot;335559739&quot;:240}\">\u00a0<\/span><\/p>\n<ol>\n<li data-leveltext=\"%1.\" data-font=\"\" data-listid=\"1\" data-list-defn-props=\"{&quot;335552541&quot;:0,&quot;335559685&quot;:720,&quot;335559991&quot;:360,&quot;469769242&quot;:&#091;65533,0&#093;,&quot;469777803&quot;:&quot;left&quot;,&quot;469777804&quot;:&quot;%1.&quot;,&quot;469777815&quot;:&quot;hybridMultilevel&quot;}\" data-aria-posinset=\"1\" data-aria-level=\"1\"><span data-contrast=\"auto\">Installiere den <\/span><a href=\"https:\/\/www.torproject.org\/download\/\"><span data-contrast=\"none\">Tor-Browser<\/span><\/a><span data-contrast=\"auto\"> und f\u00fchre alle weiteren Schritte im Tor-Browser aus.<\/span><span data-ccp-props=\"{}\">\u00a0<\/span><\/li>\n<li data-leveltext=\"%1.\" data-font=\"\" data-listid=\"1\" data-list-defn-props=\"{&quot;335552541&quot;:0,&quot;335559685&quot;:720,&quot;335559991&quot;:360,&quot;469769242&quot;:&#091;65533,0&#093;,&quot;469777803&quot;:&quot;left&quot;,&quot;469777804&quot;:&quot;%1.&quot;,&quot;469777815&quot;:&quot;hybridMultilevel&quot;}\" data-aria-posinset=\"1\" data-aria-level=\"1\"><span data-contrast=\"auto\">Installiere und \u00f6ffne das Programm <\/span><a href=\"https:\/\/cryptomator.org\/downloads\/\"><span data-contrast=\"none\">Cryptomator<\/span><\/a><span data-contrast=\"auto\">.<\/span><span data-ccp-props=\"{}\">\u00a0<\/span><\/li>\n<li data-leveltext=\"%1.\" data-font=\"\" data-listid=\"1\" data-list-defn-props=\"{&quot;335552541&quot;:0,&quot;335559685&quot;:720,&quot;335559991&quot;:360,&quot;469769242&quot;:&#091;65533,0&#093;,&quot;469777803&quot;:&quot;left&quot;,&quot;469777804&quot;:&quot;%1.&quot;,&quot;469777815&quot;:&quot;hybridMultilevel&quot;}\" data-aria-posinset=\"1\" data-aria-level=\"1\"><span data-contrast=\"auto\">Erstelle mit Cryptomator einen verschl\u00fcsselten Ordner mit den Dateien, die du uns schicken willst. (Hinzuf\u00fcgen -&gt; Neuer Tresor)<\/span><span data-ccp-props=\"{}\"><br \/>\n<\/span><span data-contrast=\"auto\">\u2013 Gib dem Tresor einen Namen, der nicht auf dich oder den Inhalt schliessen l\u00e4sst und speichere ihn auf deinem Desktop ab.<br \/>\n<\/span><span data-contrast=\"auto\">\u2013 Du wirst von Cryptomator aufgefordert, ein Passwort einzugeben. Nutze dazu einen Passwortgenerator (z.B. <\/span><a href=\"https:\/\/proton.me\/de\/pass\/password-generator\"><span data-contrast=\"none\">ProtonPass<\/span><\/a><span data-contrast=\"auto\">), um ein zuf\u00e4lliges Passwort zu erstellen. Notiere das Passwort allenfalls auf einem St\u00fcck Papier, das du nach dem Prozess vernichtest.<\/span><span data-ccp-props=\"{}\"><br \/>\n<\/span><span data-contrast=\"auto\">\u2013 \u00d6ffne den Tresor via Cryptomator (\u201cLaufwerk anzeigen\u201d), ziehe die Dateien, die du uns schicken willst auf das Laufwerk und sperre den Ordner via Cryptomator (\u201cSperren\u201d).<\/span><span data-ccp-props=\"{}\">\u00a0<\/span><\/li>\n<li data-leveltext=\"%1.\" data-font=\"\" data-listid=\"1\" data-list-defn-props=\"{&quot;335552541&quot;:0,&quot;335559685&quot;:720,&quot;335559991&quot;:360,&quot;469769242&quot;:&#091;65533,0&#093;,&quot;469777803&quot;:&quot;left&quot;,&quot;469777804&quot;:&quot;%1.&quot;,&quot;469777815&quot;:&quot;hybridMultilevel&quot;}\" data-aria-posinset=\"1\" data-aria-level=\"1\"><span data-contrast=\"auto\">Wandle den verschl\u00fcsselten Tresor-Ordner in eine ZIP-Datei um. <\/span><span data-ccp-props=\"{}\"><br \/>\n<\/span><span data-contrast=\"auto\">\u2013 Windows 11: Klicke mit der rechten Maustaste auf den Ordner und w\u00e4hle \u201cIn ZIP-Datei komprimieren\u201d<\/span><span data-ccp-props=\"{}\"><br \/>\n<\/span><span data-contrast=\"auto\">\u2013 Windows \u00e4lter: Klicke mit der rechten Maustaste auf den Ordner, w\u00e4hle \u201cSenden an\u201d,\u00a0 dann \u201cZIP-komprimierter Ordner\u201d<\/span><span data-ccp-props=\"{}\"><br \/>\n<\/span><span data-contrast=\"auto\">\u2013 Mac: Klicke mit der rechten Maustaste auf den Ordner, w\u00e4hle \u201cDatei\u201d, dann \u201dKomprimieren\u201d <\/span><span data-ccp-props=\"{}\">\u00a0<\/span><\/li>\n<li data-leveltext=\"%1.\" data-font=\"\" data-listid=\"1\" data-list-defn-props=\"{&quot;335552541&quot;:0,&quot;335559685&quot;:720,&quot;335559991&quot;:360,&quot;469769242&quot;:&#091;65533,0&#093;,&quot;469777803&quot;:&quot;left&quot;,&quot;469777804&quot;:&quot;%1.&quot;,&quot;469777815&quot;:&quot;hybridMultilevel&quot;}\" data-aria-posinset=\"1\" data-aria-level=\"1\"><span data-contrast=\"auto\">Erstelle eine anonyme <\/span><a href=\"https:\/\/account.proton.me\/de\/mail\/signup\"><span data-contrast=\"none\">Protonmail-Adresse<\/span><\/a><span data-contrast=\"auto\">, die nicht auf deine Identit\u00e4t schliessen l\u00e4sst.\u00a0<\/span><span data-ccp-props=\"{}\">\u00a0<\/span><\/li>\n<li data-leveltext=\"%1.\" data-font=\"\" data-listid=\"1\" data-list-defn-props=\"{&quot;335552541&quot;:0,&quot;335559685&quot;:720,&quot;335559991&quot;:360,&quot;469769242&quot;:&#091;65533,0&#093;,&quot;469777803&quot;:&quot;left&quot;,&quot;469777804&quot;:&quot;%1.&quot;,&quot;469777815&quot;:&quot;hybridMultilevel&quot;}\" data-aria-posinset=\"1\" data-aria-level=\"1\"><span data-contrast=\"auto\">Schicke uns die ZIP-Datei deines Tresors via <\/span><a href=\"https:\/\/www.swisstransfer.com\/de-ch\"><span data-contrast=\"none\">Swisstransfer<\/span><\/a><span data-contrast=\"auto\"> an <\/span><a href=\"mailto:info@lobbywatch.ch\"><span data-contrast=\"none\">info@lobbywatch.ch<\/span><\/a><span data-contrast=\"auto\">. Gib dort deine vorhin erstellte Protonmail-Adresse oder eine Wegwerf-Mail-Adresse an (z.B. Trash-Mail.com, Wegwerfemail.de, etc.)<\/span><span data-ccp-props=\"{}\">\u00a0<\/span><\/li>\n<li data-leveltext=\"%1.\" data-font=\"\" data-listid=\"1\" data-list-defn-props=\"{&quot;335552541&quot;:0,&quot;335559685&quot;:720,&quot;335559991&quot;:360,&quot;469769242&quot;:&#091;65533,0&#093;,&quot;469777803&quot;:&quot;left&quot;,&quot;469777804&quot;:&quot;%1.&quot;,&quot;469777815&quot;:&quot;hybridMultilevel&quot;}\" data-aria-posinset=\"1\" data-aria-level=\"1\"><span data-contrast=\"auto\">Schicke uns das Passwort deines Tresors \u00fcber deine Protonmail-Adresse verschl\u00fcsselt an <a href=\"\/fr\/lobbywatch.ch@proton.me\/\">lobbywatch.ch@proton.me<\/a>.<\/span><\/li>\n<li data-leveltext=\"%1.\" data-font=\"\" data-listid=\"1\" data-list-defn-props=\"{&quot;335552541&quot;:0,&quot;335559685&quot;:720,&quot;335559991&quot;:360,&quot;469769242&quot;:&#091;65533,0&#093;,&quot;469777803&quot;:&quot;left&quot;,&quot;469777804&quot;:&quot;%1.&quot;,&quot;469777815&quot;:&quot;hybridMultilevel&quot;}\" data-aria-posinset=\"1\" data-aria-level=\"1\"><span data-contrast=\"auto\">Vernichte allenfalls die Notiz mit deinem Tresor-Passwort.<\/span><span data-ccp-props=\"{}\"><br \/>\n<\/span><\/li>\n<\/ol>\n\t<\/div>\n<\/div>\n\n\n\n<\/div><\/div><\/div><div class=\"toggle accent-color\" data-inner-wrap=\"true\"><h3 class=\"toggle-title\"><a href=\"#\" role=\"button\" class=\"nectar-inherit-h3 toggle-heading\"><i role=\"presentation\" class=\"fa fa-plus-circle\"><\/i>Qu'en est-il de la protection des sources ?<\/a><\/h3><div><div class=\"inner-toggle-wrap\">\n<div class=\"wpb_text_column wpb_content_element\" >\n\t<div class=\"wpb_wrapper\">\n\t\t<p>Wir behandeln Ihre Identit\u00e4t und alle Informationen absolut vertraulich. Als journalistische Organisation sind wir dem Quellenschutz verpflichtet (Erkl\u00e4rung der Pflichten der Journalistinnen und Journalisten, Schweizer Presserat, Ziff. 6.1). Das bedeutet: Weder gegen\u00fcber der \u00d6ffentlichkeit noch gegen\u00fcber Beh\u00f6rden oder anderen Medien geben wir Quellen preis.<\/p>\n\t<\/div>\n<\/div>\n\n\n\n<\/div><\/div><\/div><div class=\"toggle accent-color\" data-inner-wrap=\"true\"><h3 class=\"toggle-title\"><a href=\"#\" role=\"button\" class=\"nectar-inherit-h3 toggle-heading\"><i role=\"presentation\" class=\"fa fa-plus-circle\"><\/i>Que se passe-t-il lorsque je signale quelque chose ?<\/a><\/h3><div><div class=\"inner-toggle-wrap\">\n<div class=\"wpb_text_column wpb_content_element\" >\n\t<div class=\"wpb_wrapper\">\n\t\t<p>Wir pr\u00fcfen Ihren Hinweis umgehend. Best\u00e4tigt sich der Fehler, korrigieren wir die Datenbank sofort. Sie erhalten eine R\u00fcckmeldung (sofern Sie Kontaktdaten angegeben haben).<\/p>\n\t<\/div>\n<\/div>\n\n\n\n<\/div><\/div><\/div><div class=\"toggle accent-color\" data-inner-wrap=\"true\"><h3 class=\"toggle-title\"><a href=\"#\" role=\"button\" class=\"nectar-inherit-h3 toggle-heading\"><i role=\"presentation\" class=\"fa fa-plus-circle\"><\/i>Que faire si je ne suis pas s\u00fbr que mon information soit pertinente ?<\/a><\/h3><div><div class=\"inner-toggle-wrap\">\n<div class=\"wpb_text_column wpb_content_element\" >\n\t<div class=\"wpb_wrapper\">\n\t\t<p>Melden Sie ihn trotzdem! Wir pr\u00fcfen jeden Hinweis und entscheiden dann, ob wir weiterrecherchieren.<\/p>\n\t<\/div>\n<\/div>\n\n\n\n<\/div><\/div><\/div><\/div>\n\n\n\n\n\n\n\n\n\n\n\n\n\n\n\n\n\n\n\n\n\t\t\t<\/div> \n\t\t<\/div>\n\t<\/div> \n\n\t<div  class=\"vc_col-sm-5 vc_hidden-xs wpb_column column_container vc_column_container col no-extra-padding left_margin_80px inherit_tablet inherit_phone\"  data-padding-pos=\"all\" data-has-bg-color=\"false\" data-bg-color=\"\" data-bg-opacity=\"1\" data-animation=\"\" data-delay=\"0\" >\n\t\t<div class=\"vc_column-inner\" >\n\t\t\t<div class=\"wpb_wrapper\">\n\t\t\t\t<div id=\"fws_69d630ed58c81\" data-midnight=\"\" data-column-margin=\"default\" class=\"wpb_row vc_row-fluid vc_row inner_row  reverse_columns_row_phone\"  style=\"\"><div class=\"row-bg-wrap\"> <div class=\"row-bg\" ><\/div> <\/div><div class=\"row_col_wrap_12_inner col span_12  left\">\n\t<div style=\"\" class=\"vc_col-sm-12 wpb_column column_container vc_column_container col child_column no-extra-padding inherit_tablet inherit_phone col-overflow-hidden\"  data-using-bg=\"true\" data-border-radius=\"15px\" data-bg-cover=\"true\" data-overlay-color=\"true\" data-padding-pos=\"all\" data-has-bg-color=\"false\" data-bg-color=\"\" data-bg-opacity=\"1\" data-animation=\"\" data-delay=\"0\" >\n\t\t<div class=\"vc_column-inner\" ><div class=\"column-image-bg-wrap column-bg-layer viewport-desktop\" data-bg-pos=\"center center\" data-bg-animation=\"none\" data-bg-overlay=\"false\"><div class=\"inner-wrap\"><div class=\"column-image-bg\" style=\" background-image: url('https:\/\/lobbywatch.ch\/wp-content\/uploads\/2025\/10\/hero_d.jpg'); \"><\/div><\/div><\/div><div class=\"column-bg-overlay-wrap column-bg-layer\" data-bg-animation=\"none\"><div class=\"column-bg-overlay\"><\/div><div class=\"column-overlay-layer\" style=\"\"><\/div><\/div>\n\t\t<div class=\"wpb_wrapper\">\n\t\t\t<div class=\"divider-wrap height_tablet_400px height_phone_300px\" data-alignment=\"default\"><div style=\"height: 500px;\" class=\"divider\"><\/div><\/div>\n\t\t<\/div> \n\t<\/div>\n\t<\/div> \n<\/div><\/div>\n\t\t\t<\/div> \n\t\t<\/div>\n\t<\/div> \n\n\t<div  class=\"vc_col-sm-1 wpb_column column_container vc_column_container col no-extra-padding inherit_tablet inherit_phone\"  data-padding-pos=\"all\" data-has-bg-color=\"false\" data-bg-color=\"\" data-bg-opacity=\"1\" data-animation=\"\" data-delay=\"0\" >\n\t\t<div class=\"vc_column-inner\" >\n\t\t\t<div class=\"wpb_wrapper\">\n\t\t\t\t\n\t\t\t<\/div> \n\t\t<\/div>\n\t<\/div> \n<\/div><\/div><div class=\"nectar-sticky-row-wrap nectar-sticky-row-wrap--bottom nectar-sticky-row-wrap--mobile\" style=\"z-index: 205;\">\n\t\t<div id=\"fws_69d630ed596a4\"  data-column-margin=\"none\" data-midnight=\"dark\"  class=\"wpb_row vc_row-fluid vc_row full-width-section  top_margin_70px bottom_margin_-190px zindex-set bottom_margin_phone_-80px\"  style=\"padding-top: 10px; padding-bottom: 15px;  z-index: 205;\"><div class=\"row-bg-wrap\" data-bg-animation=\"none\" data-bg-animation-delay=\"\" data-bg-overlay=\"false\"><div class=\"inner-wrap row-bg-layer\" ><div class=\"row-bg viewport-desktop using-bg-color\"  style=\"background-color: #FF4646; \"><\/div><\/div><\/div><div class=\"row_col_wrap_12 col span_12 dark center\">\n\t<div  class=\"vc_col-sm-6 vc_col-xs-6 wpb_column column_container vc_column_container col force-desktop-text-align-right force-phone-text-align-left left_margin_phone_-5px top_padding_desktop_0px\"  data-padding-pos=\"all\" data-has-bg-color=\"false\" data-bg-color=\"\" data-bg-opacity=\"1\" data-animation=\"\" data-delay=\"0\" >\n\t\t<div class=\"vc_column-inner\" >\n\t\t\t<div class=\"wpb_wrapper\">\n\t\t\t\t<div class=\"divider-wrap height_phone_5px\" data-alignment=\"default\"><div style=\"height: 3px;\" class=\"divider\"><\/div><\/div><div class=\"nectar-highlighted-text font_line_height_1-3\" data-style=\"regular_underline\" data-exp=\"default\" data-underline-thickness=\"3px\" data-user-color=\"true\" style=\"color: #FFFFFF;\" data-using-custom-color=\"true\" data-animation-delay=\"false\" data-color=\"#7ACEF4\" data-color-gradient=\"\"><p><strong>Vous ne voulez pas manquer les derni\u00e8res actualit\u00e9s du lobby ?<\/strong><\/p>\n<\/div>\n\t\t\t<\/div> \n\t\t<\/div>\n\t<\/div> \n\n\t<div  class=\"vc_col-sm-6 vc_col-xs-6 wpb_column column_container vc_column_container col force-phone-text-align-center left_padding_desktop_50px left_padding_phone_0px\"  data-padding-pos=\"all\" data-has-bg-color=\"false\" data-bg-color=\"\" data-bg-opacity=\"1\" data-animation=\"\" data-delay=\"0\" >\n\t\t<div class=\"vc_column-inner\" >\n\t\t\t<div class=\"wpb_wrapper\">\n\t\t\t\t<div class=\"divider-wrap height_phone_20px\" data-alignment=\"default\"><div style=\"height: 7px;\" class=\"divider\"><\/div><\/div><div class=\"nectar-cta  hover_color_FFF4F4 text_hover_color_DD3333 border_radius_119px alignment_tablet_default alignment_phone_center display_tablet_inherit display_phone_inherit font_size_phone_14px\" data-color=\"white\" data-using-bg=\"true\" data-style=\"basic\" data-display=\"block\" data-alignment=\"left\" data-text-color=\"custom\" ><h6 style=\"color: #FF4646;\"><span class=\"link_wrap\" style=\"padding-top: 10px; padding-right: 25px; padding-bottom: 10px; padding-left: 25px;\"><a  class=\"link_text\" role=\"button\" href=\"#newsletter\"><span class=\"text\">Abonnez-vous \u00e0 notre newsletter<\/span><\/a><\/span><\/h6><\/div>\n\t\t\t<\/div> \n\t\t<\/div>\n\t<\/div> \n<\/div><\/div><\/div>","protected":false},"excerpt":{"rendered":"Haben Sie einen Hinweis f\u00fcr uns? Kennen Sie nicht-deklarierte Mandate, Interessenkonflikte oder Lobby-Events? Melden Sie uns Ihre Hinweise \u2013 auch anonym. Ihre Informationen k\u00f6nnen uns helfen, die Datenbank zu verbessern...","protected":false},"author":2,"featured_media":0,"parent":0,"menu_order":0,"comment_status":"closed","ping_status":"closed","template":"","meta":{"footnotes":""},"categories":[],"tags":[],"class_list":["post-6967","page","type-page","status-publish"],"_links":{"self":[{"href":"https:\/\/lobbywatch.ch\/fr\/wp-json\/wp\/v2\/pages\/6967","targetHints":{"allow":["GET"]}}],"collection":[{"href":"https:\/\/lobbywatch.ch\/fr\/wp-json\/wp\/v2\/pages"}],"about":[{"href":"https:\/\/lobbywatch.ch\/fr\/wp-json\/wp\/v2\/types\/page"}],"author":[{"embeddable":true,"href":"https:\/\/lobbywatch.ch\/fr\/wp-json\/wp\/v2\/users\/2"}],"replies":[{"embeddable":true,"href":"https:\/\/lobbywatch.ch\/fr\/wp-json\/wp\/v2\/comments?post=6967"}],"version-history":[{"count":11,"href":"https:\/\/lobbywatch.ch\/fr\/wp-json\/wp\/v2\/pages\/6967\/revisions"}],"predecessor-version":[{"id":8574,"href":"https:\/\/lobbywatch.ch\/fr\/wp-json\/wp\/v2\/pages\/6967\/revisions\/8574"}],"wp:attachment":[{"href":"https:\/\/lobbywatch.ch\/fr\/wp-json\/wp\/v2\/media?parent=6967"}],"wp:term":[{"taxonomy":"category","embeddable":true,"href":"https:\/\/lobbywatch.ch\/fr\/wp-json\/wp\/v2\/categories?post=6967"},{"taxonomy":"post_tag","embeddable":true,"href":"https:\/\/lobbywatch.ch\/fr\/wp-json\/wp\/v2\/tags?post=6967"}],"curies":[{"name":"wp","href":"https:\/\/api.w.org\/{rel}","templated":true}]}}