{"id":6948,"date":"2025-10-13T11:52:52","date_gmt":"2025-10-13T11:52:52","guid":{"rendered":"https:\/\/wp.lobbywatch.ch\/?page_id=6948"},"modified":"2026-02-18T08:23:56","modified_gmt":"2026-02-18T08:23:56","slug":"medienspiegel","status":"publish","type":"page","link":"https:\/\/lobbywatch.ch\/fr\/medienspiegel\/","title":{"rendered":"Revue de presse"},"content":{"rendered":"<div id=\"fws_69d073863f512\"  data-column-margin=\"default\" data-midnight=\"dark\" data-top-percent=\"12%\"  class=\"wpb_row vc_row-fluid vc_row  top_padding_phone_25pct\"  style=\"padding-top: calc(100vw * 0.12); padding-bottom: 0px; \"><div class=\"row-bg-wrap\" data-bg-animation=\"none\" data-bg-animation-delay=\"\" data-bg-overlay=\"false\"><div class=\"inner-wrap row-bg-layer\" ><div class=\"row-bg viewport-desktop\"  style=\"\"><\/div><\/div><\/div><div class=\"row_col_wrap_12 col span_12 dark left\">\n\t<div  class=\"vc_col-sm-1 wpb_column column_container vc_column_container col no-extra-padding inherit_tablet inherit_phone\"  data-padding-pos=\"all\" data-has-bg-color=\"false\" data-bg-color=\"\" data-bg-opacity=\"1\" data-animation=\"\" data-delay=\"0\" >\n\t\t<div class=\"vc_column-inner\" >\n\t\t\t<div class=\"wpb_wrapper\">\n\t\t\t\t\n\t\t\t<\/div> \n\t\t<\/div>\n\t<\/div> \n\n\t<div  class=\"vc_col-sm-10 wpb_column column_container vc_column_container col no-extra-padding el_spacing_0px inherit_tablet inherit_phone\"  data-padding-pos=\"all\" data-has-bg-color=\"false\" data-bg-color=\"\" data-bg-opacity=\"1\" data-animation=\"\" data-delay=\"0\" >\n\t\t<div class=\"vc_column-inner\" >\n\t\t\t<div class=\"wpb_wrapper\">\n\t\t\t\t<div id=\"fws_69d073863fca2\" data-midnight=\"\" data-column-margin=\"default\" class=\"wpb_row vc_row-fluid vc_row inner_row\"  style=\"\"><div class=\"row-bg-wrap\"> <div class=\"row-bg\" ><\/div> <\/div><div class=\"row_col_wrap_12_inner col span_12  left\">\n\t<div  class=\"vc_col-sm-12 vc_hidden-lg vc_hidden-md vc_hidden-sm vc_hidden-xs wpb_column column_container vc_column_container col child_column no-extra-padding inherit_tablet inherit_phone\"   data-padding-pos=\"all\" data-has-bg-color=\"false\" data-bg-color=\"\" data-bg-opacity=\"1\" data-animation=\"\" data-delay=\"0\" >\n\t\t<div class=\"vc_column-inner\" >\n\t\t<div class=\"wpb_wrapper\">\n\t\t\t\n<div class=\"wpb_text_column wpb_content_element  custom-link-color-2\" >\n\t<div class=\"wpb_wrapper\">\n\t\t<h4><a href=\"https:\/\/lobbywatch.ch\/fr\/ueber-uns\/\">\u00c0 propos<\/a> \/ Revue de presse<\/h4>\n\t<\/div>\n<\/div>\n\n\n\n<div class=\"divider-wrap\" data-alignment=\"default\"><div style=\"height: 15px;\" class=\"divider\"><\/div><\/div>\n\t\t<\/div> \n\t<\/div>\n\t<\/div> \n<\/div><\/div><div id=\"fws_69d07386401d7\" data-midnight=\"\" data-column-margin=\"default\" class=\"wpb_row vc_row-fluid vc_row inner_row  max_width_desktop_400px\"  style=\"\"><div class=\"row-bg-wrap\"> <div class=\"row-bg\" ><\/div> <\/div><div class=\"row_col_wrap_12_inner col span_12  left\">\n\t<div  class=\"vc_col-sm-12 wpb_column column_container vc_column_container col child_column no-extra-padding inherit_tablet inherit_phone\"   data-padding-pos=\"all\" data-has-bg-color=\"false\" data-bg-color=\"\" data-bg-opacity=\"1\" data-animation=\"\" data-delay=\"0\" >\n\t\t<div class=\"vc_column-inner\" >\n\t\t<div class=\"wpb_wrapper\">\n\t\t\t<div class=\"nectar-highlighted-text\" data-style=\"regular_underline\" data-exp=\"default\" data-underline-thickness=\"4px\" data-using-custom-color=\"true\" data-animation-delay=\"false\" data-color=\"#2D99D8\" data-color-gradient=\"\" style=\"\"><h1><em>Revue de presse<\/em><\/h1>\n<\/div>\n\t\t<\/div> \n\t<\/div>\n\t<\/div> \n<\/div><\/div><div class=\"divider-wrap\" data-alignment=\"default\"><div style=\"height: 20px;\" class=\"divider\"><\/div><\/div><div class=\"nectar-responsive-text nectar-link-underline-effect\" style=\"max-width: 650px;\"><p>Notre base de donn\u00e9es est une ressource pr\u00e9cieuse pour <strong>les journalistes et les analystes politiques,<\/strong>servant de point de d\u00e9part \u00e0 leurs recherches. En moyenne, Lobbywatch est mentionn\u00e9 plus de 100 fois par an dans les m\u00e9dias suisses. Vous trouverez ici un aper\u00e7u de cette couverture m\u00e9diatique.<\/p>\n<\/div>\n\t\t\t<\/div> \n\t\t<\/div>\n\t<\/div> \n\n\t<div  class=\"vc_col-sm-1 wpb_column column_container vc_column_container col no-extra-padding inherit_tablet inherit_phone\"  data-padding-pos=\"all\" data-has-bg-color=\"false\" data-bg-color=\"\" data-bg-opacity=\"1\" data-animation=\"\" data-delay=\"0\" >\n\t\t<div class=\"vc_column-inner\" >\n\t\t\t<div class=\"wpb_wrapper\">\n\t\t\t\t\n\t\t\t<\/div> \n\t\t<\/div>\n\t<\/div> \n<\/div><\/div>\n\t\t<div id=\"fws_69d0738640a8c\"  data-column-margin=\"default\" data-midnight=\"dark\" data-top-percent=\"4%\"  class=\"wpb_row vc_row-fluid vc_row\"  style=\"padding-top: calc(100vw * 0.04); padding-bottom: 0px; \"><div class=\"row-bg-wrap\" data-bg-animation=\"none\" data-bg-animation-delay=\"\" data-bg-overlay=\"false\"><div class=\"inner-wrap row-bg-layer\" ><div class=\"row-bg viewport-desktop\"  style=\"\"><\/div><\/div><\/div><div class=\"row_col_wrap_12 col span_12 dark left\">\n\t<div  class=\"vc_col-sm-1 wpb_column column_container vc_column_container col no-extra-padding inherit_tablet inherit_phone\"  data-padding-pos=\"all\" data-has-bg-color=\"false\" data-bg-color=\"\" data-bg-opacity=\"1\" data-animation=\"\" data-delay=\"0\" >\n\t\t<div class=\"vc_column-inner\" >\n\t\t\t<div class=\"wpb_wrapper\">\n\t\t\t\t\n\t\t\t<\/div> \n\t\t<\/div>\n\t<\/div> \n\n\t<div  class=\"vc_col-sm-8 wpb_column column_container vc_column_container col no-extra-padding el_spacing_0px inherit_tablet inherit_phone\"  data-padding-pos=\"all\" data-has-bg-color=\"false\" data-bg-color=\"\" data-bg-opacity=\"1\" data-animation=\"\" data-delay=\"0\" >\n\t\t<div class=\"vc_column-inner\" >\n\t\t\t<div class=\"wpb_wrapper\">\n\t\t\t\t\n\t<div class=\"wpb_raw_code wpb_raw_html wpb_content_element\" >\n\t\t<div class=\"wpb_wrapper\">\n\t\t\t<style>\nul.custom-spacing li {\n    margin-bottom: 20px; \/* Abstand zwischen den Aufz\u00e4hlungspunkten *\/\n}\n<\/style>\n\n\t\t<\/div>\n\t<\/div>\n<div class=\"nectar-responsive-text nectar-link-underline-effect\"><h3><strong>Revue de presse actuelle<\/strong><\/h3>\n<\/div><div class=\"divider-wrap\" data-alignment=\"default\"><div style=\"margin-top: 12.5px; height: 2px; margin-bottom: 12.5px;\" data-width=\"100%\" data-animate=\"yes\" data-animation-delay=\"\" data-color=\"extra-color-2\" class=\"divider-border\"><\/div><\/div><div class=\"divider-wrap\" data-alignment=\"default\"><div style=\"height: 20px;\" class=\"divider\"><\/div><\/div>\n<div class=\"wpb_text_column wpb_content_element\" >\n\t<div class=\"wpb_wrapper\">\n\t\t<ul class=\"custom-spacing\">\n<li>Ajour.ch: <a href=\"https:\/\/ajour.ch\/de\/story\/655086\/es-ist-ein-katzundmausspiel-so-sammelt-lobbywatch-die-transparenzdaten\">\u00abEs ist ein Katz-und-Maus-Spiel\u00bb: So sammelt Lobbywatch die Transparenz-Daten<\/a><br \/>\n(16.02.2026)<\/li>\n<li>Ajour.ch: <a href=\"https:\/\/ajour.ch\/de\/story\/654465\/wie-transparent-sind-unsere-politiker-und-politikerinnen-im-bundeshaus\">Wie transparent sind unsere Politiker und Politikerinnen im Bundeshaus?<\/a><br \/>\n(16.02.2026)<\/li>\n<li>Tsri.ch: <a href=\"https:\/\/tsri.ch\/a\/fragwuerdige-praxis-stadt-spendiert-zuercher-politiker-innen-letzigrund-tickets\">Fragw\u00fcrdige Praxis: Stadt spendiert Z\u00fcrcher Politiker:innen Letzigrund-Tickets\u00a0<\/a><br \/>\n(02.02.2026)<\/li>\n<li>S\u00fcdostschweiz:<a href=\"https:\/\/www.suedostschweiz.ch\/linthgebiet\/sind-politiker-kaeuflich-viele-mandate-wenig-transparenz-lobbywatch-kritisiert-staenderat-beni-wuerth\"><span class=\"field field--name-title field--type-string field--label-hidden\"> Viele Mandate, wenig Transparenz: Lobbywatch kritisiert St\u00e4nderat Beni W\u00fcrth<\/span><\/a><br \/>\n(27.01.2026)<\/li>\n<li>RTS Audio<strong><a href=\"https:\/\/www.srf.ch\/play\/embed?urn=urn:rts:audio:e90f8509-a6e6-3930-b46b-0a036c7849b5\"> Le journal de 7h<\/a><br \/>\n<\/strong>(8.01.2026)<\/li>\n<li>20 Minuten: <a href=\"https:\/\/www.20min.ch\/story\/lobbywatch-kritik-20-nebenjobs-aber-beim-lohn-bleiben-viele-politiker-stumm-103477500\"><strong>20 Nebenjobs \u2013 aber beim Lohn bleiben viele Politiker stumm<\/strong><\/a><br \/>\n(30.12.2025)<\/li>\n<li>SRF: <a href=\"https:\/\/www.srf.ch\/news\/schweiz\/transparenz-im-parlament-wieso-sind-manche-parlamentarier-transparenter-als-andere\"><strong><span class=\"article-title__text\">Wieso sind manche Parlamentarier transparenter als andere?<\/span><\/strong><\/a><br \/>\n(30.12.2025)<br \/>\nSRF: <a href=\"https:\/\/www.srf.ch\/play\/embed?urn=urn:srf:video:cc2d2dd6-1c00-4d37-8f17-8e9a328a69f8\"><strong>Tagesschau Hauptausgabe<\/strong><\/a><br \/>\n(29.12.2025)<\/li>\n<li>SRF: <a href=\"https:\/\/www.srf.ch\/news\/schweiz\/transparenz-im-parlament-nebeneinkuenfte-im-milizparlament-haeufig-nicht-angegeben\"><strong><span class=\"article-title__text\">Nebeneink\u00fcnfte im Milizparlament: H\u00e4ufig nicht angegeben<\/span><\/strong><\/a><br \/>\n(29.12.2025)<\/li>\n<li>Blick: <strong><a href=\"https:\/\/www.blick.ch\/politik\/wenig-transparenz-in-bundesbern-nur-27-prozent-der-parlamentarier-geben-alle-einkuenfte-preis-id21554634.html\"><span class=\"Title__StyledTitle-sc-960dafd4-0 hmgmuG\">Nur 27 Prozent der Parlamentarier geben alle Eink\u00fcnfte preis<\/span><\/a><br \/>\n<\/strong>(29.12.2025)<\/li>\n<li>Watson: <a href=\"https:\/\/www.watson.ch\/schweiz\/gesellschaft-politik\/575422585-politik-27-prozent-der-parlamentarier-legen-einkuenfte-komplett-offen\"><strong>Nur 27 Prozent der Schweizer Parlamentarier legen Eink\u00fcnfte komplett offen<\/strong><\/a><br \/>\n(29.12.2025)<\/li>\n<li>Swissinfo: <a href=\"https:\/\/www.swissinfo.ch\/ger\/internationales-genf\/die-welt-bek%c3%a4mpft-die-nikotinsucht-schweizer-tabakmultis-stehen-im-weg\/90488557\"><strong>Die Welt bek\u00e4mpft die Nikotinsucht, Schweizer Tabakmultis stehen im Weg<\/strong><\/a><br \/>\n(26.11.2025)<\/li>\n<li>Infosperber: <strong><a href=\"https:\/\/www.infosperber.ch\/politik\/schweiz\/die-schweiz-ist-globales-tabak-paradies\/\">Die Schweiz ist ein Tabakparadies<\/a><br \/>\n<\/strong>(14.11.2025)<\/li>\n<li>Republik: <a href=\"https:\/\/www.republik.ch\/2025\/10\/30\/mit-millionen-gegen-die-juso-initiative-die-mitte-ist-grundsaetzlich-fuer-die-eu-vertraege-und-die-haelfte-der-schweizer-bevoelkerung-ist-news-depriviert\"><strong>Briefing aus Bern<\/strong><\/a><br \/>\n(30.10.2025)<\/li>\n<li>Republik: <a href=\"https:\/\/www.republik.ch\/2025\/10\/22\/beruf-parlamentarier-nicht-ganz-unabhaengig\"><strong>Beruf: Parlamentarier \u2013 nicht ganz unabh\u00e4ngig<\/strong><\/a><br \/>\n(22.10.2025)<\/li>\n<li>Infosperber: <a href=\"https:\/\/www.infosperber.ch\/politik\/schweiz\/die-streng-geheimen-jobs-des-neuen-fdp-praesidenten\/\"><strong>Die streng geheimen Jobs des neuen FDP-Pr\u00e4sidenten<\/strong><\/a><br \/>\n(22.10.2025)<\/li>\n<li>P.S.: <a href=\"https:\/\/www.pszeitung.ch\/lobbying-selbstverstaendlich\/\"><strong>Lobbying? Selbstverst\u00e4ndlich!<\/strong><\/a><br \/>\n(26.09.2025)<\/li>\n<li>Republik: <a href=\"https:\/\/www.republik.ch\/2025\/09\/25\/die-praemien-steigen-ausser-in-zug-der-bundesrat-greift-in-den-sprachen-streit-ein-und-wer-ist-der-gaga-rechtsextremist\"><strong>Briefing aus Bern<\/strong><\/a><br \/>\n(25.09.2025)<\/li>\n<li>Wochenzeitung: <a href=\"https:\/\/www.woz.ch\/2539\/politikfinanzierung\/mehr-licht-bitte\/!CFSZEFJKE83H\"><strong>Politikfinanzierung: Mehr Licht, bitte!<\/strong><\/a><br \/>\n(25.09.2025)<\/li>\n<li>Hauptstadt: <a href=\"https:\/\/www.hauptstadt.be\/a\/ueberbauung-stadtrat-mietsenkung\"><strong>\u00dcberbauung, Stadtrat, Mietsenkung<\/strong><\/a><br \/>\n(13.09.2025)<\/li>\n<li>SRF: <a href=\"https:\/\/www.srf.ch\/play\/embed?urn=urn:srf:video:efb2009b-6da8-475d-8c04-c16f596f9511\"><strong>Tagesschau, Hauptausgabe<\/strong><\/a><br \/>\n(21.07.2025)<\/li>\n<li>Le Matin: <a href=\"https:\/\/www.lematin.ch\/story\/berne-votations-federales-2024-ou-quand-l-argent-ne-fait-pas-le-succes-103385931\"><strong>Votations f\u00e9d\u00e9rales 2024: ou quand l&#8217;argent ne fait pas le succ\u00e8s<\/strong><\/a><br \/>\n(21.07.2025)<\/li>\n<li>RTS: <a href=\"https:\/\/www.rts.ch\/info\/suisse\/2025\/article\/lobbies-bourgeois-33-millions-depenses-pour-les-votations-2024-28947002.html?rts_source=rss_t\"><strong>Les lobbies bourgeois largement en t\u00eate des d\u00e9penses pour les votations en 2024<\/strong><\/a><br \/>\n(18.07.2025)<\/li>\n<li>Nau: <a href=\"https:\/\/www.nau.ch\/news\/schweiz\/burgerliche-organisationen-grosste-geldgeber-bei-abstimmungen-2024-67020009\"><strong>B\u00fcrgerliche Organisationen gr\u00f6sste Geldgeber bei Abstimmungen 2024<\/strong><\/a><br \/>\n(18.07.2025)<\/li>\n<\/ul>\n\t<\/div>\n<\/div>\n\n\n\n\n\t\t\t<\/div> \n\t\t<\/div>\n\t<\/div> \n\n\t<div  class=\"vc_col-sm-3 wpb_column column_container vc_column_container col no-extra-padding inherit_tablet inherit_phone\"  data-padding-pos=\"all\" data-has-bg-color=\"false\" data-bg-color=\"\" data-bg-opacity=\"1\" data-animation=\"\" data-delay=\"0\" >\n\t\t<div class=\"vc_column-inner\" >\n\t\t\t<div class=\"wpb_wrapper\">\n\t\t\t\t\n\t\t\t<\/div> \n\t\t<\/div>\n\t<\/div> \n<\/div><\/div>\n\t\t<div id=\"fws_69d073864179f\"  data-column-margin=\"default\" data-midnight=\"dark\" data-top-percent=\"12%\" data-bottom-percent=\"12%\"  class=\"wpb_row vc_row-fluid vc_row\"  style=\"padding-top: calc(100vw * 0.12); padding-bottom: calc(100vw * 0.12); \"><div class=\"row-bg-wrap\" data-bg-animation=\"none\" data-bg-animation-delay=\"\" data-bg-overlay=\"false\"><div class=\"inner-wrap row-bg-layer\" ><div class=\"row-bg viewport-desktop\"  style=\"\"><\/div><\/div><\/div><div class=\"row_col_wrap_12 col span_12 dark left\">\n\t<div  class=\"vc_col-sm-12 wpb_column column_container vc_column_container col no-extra-padding inherit_tablet inherit_phone\"  data-padding-pos=\"all\" data-has-bg-color=\"false\" data-bg-color=\"\" data-bg-opacity=\"1\" data-animation=\"\" data-delay=\"0\" >\n\t\t<div class=\"vc_column-inner\" >\n\t\t\t<div class=\"wpb_wrapper\">\n\t\t\t\t\n\t\t<div id=\"fws_69d0738641e1c\"  data-br=\"10px\" data-br-applies=\"bg\" data-column-margin=\"default\" data-midnight=\"dark\"  class=\"wpb_row vc_row-fluid vc_row  translate_y_-31px top_padding_tablet_0pct top_padding_phone_0px bottom_padding_tablet_0pct bottom_padding_phone_0px top_margin_phone_0px bottom_margin_phone_30px\"  style=\"padding-top: 0px; padding-bottom: 0px; \"><div class=\"row-bg-wrap\" data-bg-animation=\"none\" data-bg-animation-delay=\"\" data-bg-overlay=\"false\"><div class=\"inner-wrap row-bg-layer\" ><div class=\"row-bg viewport-desktop\"  style=\"\"><\/div><\/div><\/div><div class=\"row_col_wrap_12 col span_12 dark left\">\n\t<div style=\"\" class=\"vc_col-sm-12 wpb_column column_container vc_column_container col el_spacing_0px left_padding_desktop_5pct top_padding_desktop_5pct right_padding_desktop_5pct bottom_padding_desktop_2pct\" data-using-bg=\"true\" data-border-radius=\"10px\" data-shadow=\"small_depth\" data-border-animation=\"\" data-border-animation-delay=\"\" data-border-width=\"8px\" data-border-style=\"solid\" data-border-color=\"#FFFFFF\" data-padding-pos=\"all\" data-has-bg-color=\"true\" data-bg-color=\"#A9D8E9\" data-bg-opacity=\"1\" data-animation=\"\" data-delay=\"0\" >\n\t\t<div class=\"vc_column-inner\" style=\"border: 8px solid #FFFFFF;\"><div class=\"column-bg-overlay-wrap column-bg-layer\" data-bg-animation=\"none\"><div class=\"column-bg-overlay\" style=\"opacity: 1; background-color: #A9D8E9;\"><\/div><\/div>\n\t\t\t<div class=\"wpb_wrapper\">\n\t\t\t\t<div id=\"fws_69d0738642195\" data-midnight=\"\" data-column-margin=\"30px\" class=\"wpb_row vc_row-fluid vc_row inner_row\"  style=\"\"><div class=\"row-bg-wrap\"> <div class=\"row-bg\" ><\/div> <\/div><div class=\"row_col_wrap_12_inner col span_12  left\">\n\t<div  class=\"vc_col-sm-4 wpb_column column_container vc_column_container col child_column has-animation el_spacing_0px right_padding_desktop_15px\"   data-padding-pos=\"all\" data-has-bg-color=\"false\" data-bg-color=\"\" data-bg-opacity=\"1\" data-animation=\"fade-in-from-left\" data-delay=\"0\" >\n\t\t<div class=\"vc_column-inner\" >\n\t\t<div class=\"wpb_wrapper\">\n\t\t\t<div class=\"nectar-highlighted-text\" data-style=\"regular_underline\" data-exp=\"default\" data-underline-thickness=\"3px\" data-user-color=\"true\" style=\"color: #153770;\" data-using-custom-color=\"true\" data-animation-delay=\"false\" data-color=\"#2D99D8\" data-color-gradient=\"\"><h2><em>Nous sommes une association ind\u00e9pendante et \u00e0 but non lucratif.<\/em><\/h2>\n<\/div><div class=\"divider-wrap\" data-alignment=\"default\"><div style=\"height: 10px;\" class=\"divider\"><\/div><\/div>\n<div class=\"wpb_text_column wpb_content_element\" style=\" max-width: 300px; display: inline-block;\">\n\t<div class=\"wpb_wrapper\">\n\t\t<p>Nous nous engageons pour une d\u00e9mocratie vivante et transparente. Notre activit\u00e9 repose sur nos membres et les dons.<\/p>\n\t<\/div>\n<\/div>\n\n\n\n\n\t\t<\/div> \n\t<\/div>\n\t<\/div> \n\n\t<div  class=\"vc_col-sm-4 wpb_column column_container vc_column_container col child_column has-animation right_padding_desktop_15px\"   data-padding-pos=\"all\" data-has-bg-color=\"false\" data-bg-color=\"\" data-bg-opacity=\"1\" data-animation=\"fade-in-from-left\" data-delay=\"150\" >\n\t\t<div class=\"vc_column-inner\" >\n\t\t<div class=\"wpb_wrapper\">\n\t\t\t<div class=\"nectar-fancy-ul\" data-list-icon=\"icon-salient-check\" data-animation=\"false\" data-animation-delay=\"0\" data-color=\"extra-color-2\" data-spacing=\"10px\" data-alignment=\"left\"> \n<h3>Nous avons d\u00e9j\u00e0 beaucoup fait...<\/h3>\n<ul>\n<li>Nous avons syst\u00e9matiquement document\u00e9 le lobbying et avons rendu accessible au public les informations<\/li>\n<li>Transparenzquote im Parlament von 0% auf 56% erh\u00f6ht<\/li>\n<\/ul>\n <\/div><div class=\"nectar-fancy-ul\" data-list-icon=\"fa fa-flag-o\" data-animation=\"false\" data-animation-delay=\"0\" data-color=\"extra-color-2\" data-spacing=\"10px\" data-alignment=\"left\"> \n<h3>\u2026et il nous reste encore beaucoup \u00e0 faire.<\/h3>\n<ul>\n<li>Divulguer les informations jusqu\u2019au niveau cantonal<\/li>\n<li>D\u00e9velopper l\u2019offre \u00e9ducative : mat\u00e9riel p\u00e9dagogique et vid\u00e9os explicatives<\/li>\n<\/ul>\n <\/div>\n\t\t<\/div> \n\t<\/div>\n\t<\/div> \n\n\t<div style=\"\" class=\"vc_col-sm-4 wpb_column column_container vc_column_container col child_column has-animation el_spacing_0px left_padding_desktop_14pct left_padding_phone_25px top_padding_desktop_10pct top_padding_phone_7pct right_padding_desktop_12pct right_padding_phone_20px bottom_padding_desktop_12pct bottom_padding_phone_10pct\"  data-using-bg=\"true\" data-shadow=\"small_depth\" data-border-radius=\"10px\" data-padding-pos=\"all\" data-has-bg-color=\"true\" data-bg-color=\"#FFFFFF\" data-bg-opacity=\"1\" data-animation=\"fade-in-from-bottom\" data-delay=\"350\" >\n\t\t<div class=\"vc_column-inner\" ><div class=\"column-bg-overlay-wrap column-bg-layer\" data-bg-animation=\"none\"><div class=\"column-bg-overlay\" style=\"opacity: 1; background-color: #FFFFFF;\"><\/div><\/div>\n\t\t<div class=\"wpb_wrapper\">\n\t\t\t<div class=\"nectar-milestone\"  data-animation-delay=\"\" data-ms-align=\"left\" > <div class=\"number extra-color-2\" data-number-size=\"76\"><h2 class=\"milestone-heading\"><span>517<\/span><\/h2><\/div> <div class=\"subject\" ><\/div> <\/div>\n<div class=\"wpb_text_column wpb_content_element  vc_custom_1762203035622\" >\n\t<div class=\"wpb_wrapper\">\n\t\t<h4><strong style=\"color: #2d99d8;\">MEMBRES DE LOBBYWATCH<\/strong><\/h4>\n\t<\/div>\n<\/div>\n\n\n\n<div class=\"divider-wrap\" data-alignment=\"default\"><div style=\"height: 5px;\" class=\"divider\"><\/div><\/div><div class=\"nectar-circle-images nectar-circle-images--position_overlapping size_40px alignment_left_desktop border_color_f7f7f7\" ><div class=\"nectar-circle-images__inner\"><div class=\"nectar-circle-images__image nectar-circle-images__item\" style=\"z-index: 100;\" data-nectar-img-src=\"https:\/\/lobbywatch.ch\/wp-content\/uploads\/2025\/08\/potrait_3-140x140.webp\"><\/div><div class=\"nectar-circle-images__image nectar-circle-images__item\" style=\"z-index: 99;\" data-nectar-img-src=\"https:\/\/lobbywatch.ch\/wp-content\/uploads\/2025\/08\/potrait_4-140x140.webp\"><\/div><div class=\"nectar-circle-images__image nectar-circle-images__item\" style=\"z-index: 98;\" data-nectar-img-src=\"https:\/\/lobbywatch.ch\/wp-content\/uploads\/2025\/08\/portrait_x-140x140.jpg\"><\/div><div class=\"nectar-circle-images__image nectar-circle-images__item\" style=\"z-index: 97;\" data-nectar-img-src=\"https:\/\/lobbywatch.ch\/wp-content\/uploads\/2025\/08\/potrait_1-140x140.webp\"><\/div><div class=\"nectar-circle-images__image nectar-circle-images__item\" style=\"z-index: 96;\" data-nectar-img-src=\"https:\/\/lobbywatch.ch\/wp-content\/uploads\/2025\/08\/potrait_7-140x140.webp\"><\/div><div class=\"nectar-circle-images__image nectar-circle-images__item nectar-circle-images--text nectar-inherit-h5\" style=\"background-color: #153770; color: #ffffff;\"><span>Sie?<\/span><\/div><\/div><\/div><div class=\"divider-wrap height_phone_60px\" data-alignment=\"default\"><div style=\"height: 10px;\" class=\"divider\"><\/div><\/div><div class=\"divider-wrap\" data-alignment=\"default\"><div style=\"height: 10px;\" class=\"divider\"><\/div><\/div>\n<div class=\"wpb_text_column wpb_content_element\" >\n\t<div class=\"wpb_wrapper\">\n\t\t<div class=\"wpb_text_column wpb_content_element text_direction_ltr vc_custom_1763449049962\">\n<div class=\"wpb_wrapper\">\n<p>Chaque contribution compte: Avec votre soutien, nous ren-dons la politique suisse plus transparente.<\/p>\n<\/div>\n<\/div>\n<h3><\/h3>\n\t<\/div>\n<\/div>\n\n\n\n<div class=\"nectar-cta  hover_color_DD3333 text_hover_color_FFE1E1 border_radius_119px alignment_tablet_default alignment_phone_default display_tablet_inherit display_phone_inherit\" data-color=\"accent-color\" data-using-bg=\"true\" data-style=\"basic\" data-display=\"block\" data-alignment=\"left\" data-text-color=\"custom\" ><h6 style=\"color: #FFFFFF;\"><span class=\"link_wrap\" style=\"padding-top: 15px; padding-right: 25px; padding-bottom: 15px; padding-left: 25px;\"><a  class=\"link_text\" role=\"button\" href=\"https:\/\/lobbywatch.ch\/fr\/spenden\/\"><span class=\"text\">Soutenez Lobbywatch!<\/span><\/a><\/span><\/h6><\/div><div class=\"divider-wrap\" data-alignment=\"default\"><div style=\"height: 20px;\" class=\"divider\"><\/div><\/div>\n\t\t<\/div> \n\t<\/div>\n\t<\/div> \n<\/div><\/div>\n\t\t\t<\/div> \n\t\t<\/div>\n\t<\/div> \n<\/div><\/div>\n<style type=\"text\/css\" data-type=\"vc_shortcodes-custom-css\">.vc_custom_1762203035622{margin-top: -20px !important;}<\/style>\n\t\t\t<\/div> \n\t\t<\/div>\n\t<\/div> \n<\/div><\/div><div class=\"nectar-sticky-row-wrap nectar-sticky-row-wrap--bottom nectar-sticky-row-wrap--mobile\" style=\"z-index: 15;\">\n\t\t<div id=\"fws_69d07386446de\"  data-column-margin=\"none\" data-midnight=\"dark\"  class=\"wpb_row vc_row-fluid vc_row full-width-section  top_margin_70px bottom_margin_-190px zindex-set bottom_margin_phone_-80px\"  style=\"padding-top: 10px; padding-bottom: 15px;  z-index: 15;\"><div class=\"row-bg-wrap\" data-bg-animation=\"none\" data-bg-animation-delay=\"\" data-bg-overlay=\"false\"><div class=\"inner-wrap row-bg-layer\" ><div class=\"row-bg viewport-desktop using-bg-color\"  style=\"background-color: #FF4646; \"><\/div><\/div><\/div><div class=\"row_col_wrap_12 col span_12 dark center\">\n\t<div  class=\"vc_col-sm-6 vc_col-xs-6 wpb_column column_container vc_column_container col force-desktop-text-align-right force-phone-text-align-left left_margin_phone_-5px top_padding_desktop_0px\"  data-padding-pos=\"all\" data-has-bg-color=\"false\" data-bg-color=\"\" data-bg-opacity=\"1\" data-animation=\"\" data-delay=\"0\" >\n\t\t<div class=\"vc_column-inner\" >\n\t\t\t<div class=\"wpb_wrapper\">\n\t\t\t\t<div class=\"divider-wrap height_phone_5px\" data-alignment=\"default\"><div style=\"height: 3px;\" class=\"divider\"><\/div><\/div><div class=\"nectar-highlighted-text font_line_height_1-3\" data-style=\"regular_underline\" data-exp=\"default\" data-underline-thickness=\"3px\" data-user-color=\"true\" style=\"color: #FFFFFF;\" data-using-custom-color=\"true\" data-animation-delay=\"false\" data-color=\"#7ACEF4\" data-color-gradient=\"\"><p><strong>Vous ne voulez pas manquer les derni\u00e8res actualit\u00e9s du lobby ?<\/strong><\/p>\n<\/div>\n\t\t\t<\/div> \n\t\t<\/div>\n\t<\/div> \n\n\t<div  class=\"vc_col-sm-6 vc_col-xs-6 wpb_column column_container vc_column_container col force-phone-text-align-center left_padding_desktop_50px left_padding_phone_0px\"  data-padding-pos=\"all\" data-has-bg-color=\"false\" data-bg-color=\"\" data-bg-opacity=\"1\" data-animation=\"\" data-delay=\"0\" >\n\t\t<div class=\"vc_column-inner\" >\n\t\t\t<div class=\"wpb_wrapper\">\n\t\t\t\t<div class=\"divider-wrap height_phone_20px\" data-alignment=\"default\"><div style=\"height: 7px;\" class=\"divider\"><\/div><\/div><div class=\"nectar-cta  hover_color_FFF4F4 text_hover_color_DD3333 border_radius_119px alignment_tablet_default alignment_phone_center display_tablet_inherit display_phone_inherit font_size_phone_14px\" data-color=\"white\" data-using-bg=\"true\" data-style=\"basic\" data-display=\"block\" data-alignment=\"left\" data-text-color=\"custom\" ><h6 style=\"color: #FF4646;\"><span class=\"link_wrap\" style=\"padding-top: 10px; padding-right: 25px; padding-bottom: 10px; padding-left: 25px;\"><a  class=\"link_text\" role=\"button\" href=\"#newsletter\"><span class=\"text\">Abonnez-vous \u00e0 notre newsletter<\/span><\/a><\/span><\/h6><\/div>\n\t\t\t<\/div> \n\t\t<\/div>\n\t<\/div> \n<\/div><\/div><\/div>","protected":false},"excerpt":{"rendered":"&lt; \u00dcber uns \/ Medienspiegel Lobbywatch in den Medien Unsere Datenbank bildet Ausgangspunkt f\u00fcr investigative Recherchen und politische Kommentare. Im Schnitt wird Lobbywatch jedes Jahr \u00fcber 100 mal in Schweizer...","protected":false},"author":2,"featured_media":0,"parent":0,"menu_order":0,"comment_status":"closed","ping_status":"closed","template":"","meta":{"footnotes":""},"categories":[],"tags":[],"class_list":["post-6948","page","type-page","status-publish"],"_links":{"self":[{"href":"https:\/\/lobbywatch.ch\/fr\/wp-json\/wp\/v2\/pages\/6948","targetHints":{"allow":["GET"]}}],"collection":[{"href":"https:\/\/lobbywatch.ch\/fr\/wp-json\/wp\/v2\/pages"}],"about":[{"href":"https:\/\/lobbywatch.ch\/fr\/wp-json\/wp\/v2\/types\/page"}],"author":[{"embeddable":true,"href":"https:\/\/lobbywatch.ch\/fr\/wp-json\/wp\/v2\/users\/2"}],"replies":[{"embeddable":true,"href":"https:\/\/lobbywatch.ch\/fr\/wp-json\/wp\/v2\/comments?post=6948"}],"version-history":[{"count":28,"href":"https:\/\/lobbywatch.ch\/fr\/wp-json\/wp\/v2\/pages\/6948\/revisions"}],"predecessor-version":[{"id":8774,"href":"https:\/\/lobbywatch.ch\/fr\/wp-json\/wp\/v2\/pages\/6948\/revisions\/8774"}],"wp:attachment":[{"href":"https:\/\/lobbywatch.ch\/fr\/wp-json\/wp\/v2\/media?parent=6948"}],"wp:term":[{"taxonomy":"category","embeddable":true,"href":"https:\/\/lobbywatch.ch\/fr\/wp-json\/wp\/v2\/categories?post=6948"},{"taxonomy":"post_tag","embeddable":true,"href":"https:\/\/lobbywatch.ch\/fr\/wp-json\/wp\/v2\/tags?post=6948"}],"curies":[{"name":"wp","href":"https:\/\/api.w.org\/{rel}","templated":true}]}}