{"id":6080,"date":"2025-08-27T11:31:18","date_gmt":"2025-08-27T11:31:18","guid":{"rendered":"https:\/\/wp.lobbywatch.ch\/?page_id=6080"},"modified":"2026-01-02T18:12:07","modified_gmt":"2026-01-02T18:12:07","slug":"bildung","status":"publish","type":"page","link":"https:\/\/lobbywatch.ch\/fr\/bildung\/","title":{"rendered":"\u00c9ducation"},"content":{"rendered":"<div id=\"fws_69eba4e531f7d\"  data-column-margin=\"none\" data-midnight=\"dark\" data-top-percent=\"12%\" data-bottom-percent=\"3%\"  class=\"wpb_row vc_row-fluid vc_row full-width-section vc_row-o-equal-height vc_row-flex vc_row-o-content-middle  top_padding_tablet_8pct top_padding_phone_12pct bottom_padding_tablet_8pct bottom_padding_phone_12pct\"  style=\"padding-top: calc(100vw * 0.12); padding-bottom: calc(100vw * 0.03); \"><div class=\"row-bg-wrap\" data-bg-animation=\"none\" data-bg-animation-delay=\"\" data-bg-overlay=\"false\"><div class=\"inner-wrap row-bg-layer\" ><div class=\"row-bg viewport-desktop\"  style=\"\"><\/div><\/div><\/div><div class=\"row_col_wrap_12 col span_12 dark left\">\n\t<div  class=\"vc_col-sm-6 wpb_column column_container vc_column_container col bottom_margin_tablet_10pct right_padding_desktop_10pct right_padding_phone_0px\"  data-padding-pos=\"all\" data-has-bg-color=\"false\" data-bg-color=\"\" data-bg-opacity=\"1\" data-animation=\"\" data-delay=\"0\" >\n\t\t<div class=\"vc_column-inner\" >\n\t\t\t<div class=\"wpb_wrapper\">\n\t\t\t\t<div id=\"fws_69eba4e532592\" data-midnight=\"\" data-column-margin=\"default\" class=\"wpb_row vc_row-fluid vc_row inner_row\"  style=\"\"><div class=\"row-bg-wrap\"> <div class=\"row-bg\" ><\/div> <\/div><div class=\"row_col_wrap_12_inner col span_12  left\">\n\t<div style=\"\" class=\"vc_col-sm-12 wpb_column column_container vc_column_container col child_column has-animation no-extra-padding inherit_tablet inherit_phone col-overflow-hidden\"  data-using-bg=\"true\" data-shadow=\"small_depth\" data-border-radius=\"20px\" data-bg-cover=\"true\" data-overlay-color=\"true\" data-padding-pos=\"all\" data-has-bg-color=\"false\" data-bg-color=\"\" data-bg-opacity=\"1\" data-animation=\"fade-in-from-bottom\" data-delay=\"0\" >\n\t\t<div class=\"vc_column-inner\" ><div class=\"column-image-bg-wrap column-bg-layer viewport-desktop\" data-bg-pos=\"right bottom\" data-bg-animation=\"none\" data-bg-overlay=\"false\"><div class=\"inner-wrap\"><div class=\"column-image-bg\" style=\" background-image: url('https:\/\/lobbywatch.ch\/wp-content\/uploads\/2025\/10\/lobbywatch-web.jpg'); \"><\/div><\/div><\/div><div class=\"column-bg-overlay-wrap column-bg-layer\" data-bg-animation=\"none\"><div class=\"column-bg-overlay\"><\/div><div class=\"column-overlay-layer\" style=\"\"><\/div><\/div>\n\t\t<div class=\"wpb_wrapper\">\n\t\t\t<div class=\"divider-wrap height_tablet_750px height_phone_250px\" data-alignment=\"default\"><div style=\"height: 650px;\" class=\"divider\"><\/div><\/div>\n\t\t<\/div> \n\t<\/div>\n\t<\/div> \n<\/div><\/div>\n\t\t\t<\/div> \n\t\t<\/div>\n\t<\/div> \n\n\t<div  class=\"vc_col-sm-6 wpb_column column_container vc_column_container col has-animation no-extra-padding column_position_relative el_spacing_0px inherit_tablet inherit_phone\"  data-border-radius=\"20px\" data-padding-pos=\"left-right\" data-has-bg-color=\"false\" data-bg-color=\"\" data-bg-opacity=\"1\" data-animation=\"fade-in-from-bottom\" data-delay=\"100\" >\n\t\t<div class=\"vc_column-inner\" >\n\t\t\t<div class=\"wpb_wrapper\">\n\t\t\t\t<div id=\"fws_69eba4e533021\" data-midnight=\"\" data-column-margin=\"none\" class=\"wpb_row vc_row-fluid vc_row inner_row vc_row-o-equal-height vc_row-flex right_padding_10pct right_padding_tablet_5pct right_padding_phone_3pct\"  style=\"\"><div class=\"row-bg-wrap\"> <div class=\"row-bg\" ><\/div> <\/div><div class=\"row_col_wrap_12_inner col span_12  left\">\n\t<div  class=\"vc_col-sm-12 wpb_column column_container vc_column_container col child_column no-extra-padding el_spacing_0px inherit_tablet inherit_phone\"   data-padding-pos=\"all\" data-has-bg-color=\"false\" data-bg-color=\"\" data-bg-opacity=\"1\" data-animation=\"\" data-delay=\"0\" >\n\t\t<div class=\"vc_column-inner\" >\n\t\t<div class=\"wpb_wrapper\">\n\t\t\t<div class=\"nectar-highlighted-text\" data-style=\"regular_underline\" data-exp=\"default\" data-underline-thickness=\"4px\" data-using-custom-color=\"true\" data-animation-delay=\"false\" data-color=\"#2D99D8\" data-color-gradient=\"\" style=\"\"><h1><em>\u00c9ducation pour une transparence politique<\/em><\/h1>\n<\/div><div class=\"divider-wrap\" data-alignment=\"default\"><div style=\"height: 20px;\" class=\"divider\"><\/div><\/div><div class=\"nectar-responsive-text nectar-link-underline-effect\"><p><strong>Nous expliquons le fonctionnement du lobbying par le biais d\u2019ateliers, de visites guid\u00e9es et de conf\u00e9rences.<\/strong><\/p>\n<p>Lobbywatch diffuse des connaissances sur les liens d\u2019influence politiques et renforce les comp\u00e9tences de recherche de la soci\u00e9t\u00e9 civile. Nos offres \u00e9ducatives s\u2019adressent aux \u00e9coles, aux universit\u00e9s, aux professionnel\u00b7les des m\u00e9dias et \u00e0 toute personne souhaitant mieux comprendre le r\u00f4le du lobbying dans la politique.<\/p>\n<p>Nous organisons des ateliers interactifs, des visites guid\u00e9es sur le lobbying et des conf\u00e9rences personnalis\u00e9es. Nous expliquons de mani\u00e8re accessible des m\u00e9canismes complexes et montrons comment mener ses propres recherches.<\/p>\n<\/div>\n\t\t<\/div> \n\t<\/div>\n\t<\/div> \n<\/div><\/div><div id=\"fws_69eba4e5335dc\" data-midnight=\"\" data-column-margin=\"default\" class=\"wpb_row vc_row-fluid vc_row inner_row Next-Section-Buttons\"  style=\"padding-top: 35px; \"><div class=\"row-bg-wrap\"> <div class=\"row-bg\" ><\/div> <\/div><div class=\"row_col_wrap_12_inner col span_12  left\">\n\t<div  class=\"vc_col-sm-3 wpb_column column_container vc_column_container col child_column centered-text no-extra-padding inherit_tablet inherit_phone\"   data-padding-pos=\"all\" data-has-bg-color=\"false\" data-bg-color=\"\" data-bg-opacity=\"1\" data-animation=\"\" data-delay=\"0\" >\n\t\t<div class=\"vc_column-inner\" >\n\t\t<div class=\"wpb_wrapper\">\n\t\t\t<div class=\"nectar-cta  text_hover_color_FF4C4C alignment_tablet_default alignment_phone_default display_tablet_inherit display_phone_inherit\" data-color=\"default\" data-using-bg=\"false\" data-style=\"see-through\" data-display=\"block\" data-alignment=\"left\" data-text-color=\"std\" ><h6> <span class=\"text\"> <\/span><span class=\"link_wrap\" ><a  class=\"link_text\" role=\"button\" href=\"#workshop\">Ateliers<span class=\"arrow\"><\/span><\/a><\/span><\/h6><\/div>\n\t\t<\/div> \n\t<\/div>\n\t<\/div> \n\n\t<div  class=\"vc_col-sm-9 wpb_column column_container vc_column_container col child_column no-extra-padding inherit_tablet inherit_phone\"   data-padding-pos=\"all\" data-has-bg-color=\"false\" data-bg-color=\"\" data-bg-opacity=\"1\" data-animation=\"\" data-delay=\"0\" >\n\t\t<div class=\"vc_column-inner\" >\n\t\t<div class=\"wpb_wrapper\">\n\t\t\t<div class=\"nectar-cta  text_hover_color_FF4C4C alignment_tablet_default alignment_phone_default display_tablet_inherit display_phone_inherit\" data-color=\"default\" data-using-bg=\"false\" data-style=\"see-through\" data-display=\"block\" data-alignment=\"left\" data-text-color=\"std\" ><h6> <span class=\"text\"> <\/span><span class=\"link_wrap\" ><a  class=\"link_text\" role=\"button\" href=\"#spaziergang\">Visite guid\u00e9e sur le lobbying<span class=\"arrow\"><\/span><\/a><\/span><\/h6><\/div>\n\t\t<\/div> \n\t<\/div>\n\t<\/div> \n<\/div><\/div>\n\t\t\t<\/div> \n\t\t<\/div>\n\t<\/div> \n<\/div><\/div>\n\t\t<div id=\"workshop\"  data-column-margin=\"default\" data-midnight=\"dark\" data-top-percent=\"12%\"  class=\"wpb_row vc_row-fluid vc_row full-width-section  reverse_columns_column_phone top_padding_phone_20pct\"  style=\"padding-top: calc(100vw * 0.12); padding-bottom: 0px; \"><div class=\"row-bg-wrap\" data-bg-animation=\"none\" data-bg-animation-delay=\"\" data-bg-overlay=\"false\"><div class=\"inner-wrap row-bg-layer\" ><div class=\"row-bg viewport-desktop\"  style=\"\"><\/div><\/div><\/div><div class=\"row_col_wrap_12 col span_12 dark left\">\n\t<div  class=\"vc_col-sm-1 wpb_column column_container vc_column_container col centered-text no-extra-padding inherit_tablet inherit_phone\"  data-padding-pos=\"all\" data-has-bg-color=\"false\" data-bg-color=\"\" data-bg-opacity=\"1\" data-animation=\"\" data-delay=\"0\" >\n\t\t<div class=\"vc_column-inner\" >\n\t\t\t<div class=\"wpb_wrapper\">\n\t\t\t\t\n\t\t\t<\/div> \n\t\t<\/div>\n\t<\/div> \n\n\t<div  class=\"vc_col-sm-10 wpb_column column_container vc_column_container col no-extra-padding force-desktop-text-align-left el_spacing_0px inherit_tablet inherit_phone\"  data-padding-pos=\"all\" data-has-bg-color=\"false\" data-bg-color=\"\" data-bg-opacity=\"1\" data-animation=\"\" data-delay=\"0\" >\n\t\t<div class=\"vc_column-inner\" >\n\t\t\t<div class=\"wpb_wrapper\">\n\t\t\t\t<div id=\"fws_69eba4e5346ea\" data-midnight=\"\" data-column-margin=\"70px\" class=\"wpb_row vc_row-fluid vc_row inner_row  reverse_columns_column_phone top_padding_tablet_0px top_padding_phone_0px\"  style=\"\"><div class=\"row-bg-wrap\"> <div class=\"row-bg\" ><\/div> <\/div><div class=\"row_col_wrap_12_inner col span_12  left\">\n\t<div style=\"margin-top: 50px; margin-bottom: 20px; \" class=\"vc_col-sm-6 vc_col-lg-6 vc_col-md-12 wpb_column column_container vc_column_container col child_column has-animation no-extra-padding el_spacing_0px inherit_tablet inherit_phone\"    data-t-w-inherits=\"small_desktop\" data-padding-pos=\"all\" data-has-bg-color=\"false\" data-bg-color=\"\" data-bg-opacity=\"1\" data-animation=\"fade-in-from-bottom\" data-delay=\"0\" >\n\t\t<div class=\"vc_column-inner\" >\n\t\t<div class=\"wpb_wrapper\">\n\t\t\t\n<div class=\"wpb_text_column wpb_content_element  text_direction_ltr  vc_custom_1761751033811\" style=\" max-width: 550px; display: inline-block;\">\n\t<div class=\"wpb_wrapper\">\n\t\t<h2>Ateliers destin\u00e9s aux \u00e9coles, aux universit\u00e9s et aux particuliers<\/h2>\n\t<\/div>\n<\/div>\n\n\n\n<div class=\"divider-wrap\" data-alignment=\"default\"><div style=\"margin-top: 12.5px; height: 2px; margin-bottom: 12.5px;\" data-width=\"100%\" data-animate=\"yes\" data-animation-delay=\"\" data-color=\"extra-color-2\" class=\"divider-border\"><\/div><\/div>\n<div class=\"wpb_text_column wpb_content_element  text_direction_ltr\" style=\" max-width: 600px; display: inline-block;\">\n\t<div class=\"wpb_wrapper\">\n\t\t<div class=\"wpb_text_column wpb_content_element text_direction_ltr\">\n<div class=\"wpb_wrapper\">Gr\u00e2ce \u00e0 nos ateliers, vous acquerrez un savoir approfondi sur le lobbying et la transparence politique. Ils sont interactifs et adapt\u00e9s \u00e0 votre niveau de connaissances ainsi qu\u2019\u00e0 vos centres d\u2019int\u00e9r\u00eat.<\/div>\n<\/div>\n\t<\/div>\n<\/div>\n\n\n\n<div class=\"divider-wrap\" data-alignment=\"default\"><div style=\"height: 20px;\" class=\"divider\"><\/div><\/div><div class=\"nectar-cta  text_hover_color_DD3333 alignment_tablet_default alignment_phone_default display_tablet_inherit display_phone_inherit\" data-color=\"default\" data-using-bg=\"false\" data-style=\"see-through\" data-display=\"block\" data-alignment=\"right\" data-text-color=\"custom\" ><h6 style=\"color: #FF4646;\"> <span class=\"text\"> <\/span><span class=\"link_wrap\" ><a  class=\"link_text\" role=\"button\" href=\"https:\/\/lobbywatch.ch\/fr\/workshops\/\">En savoir plus<span class=\"arrow\"><\/span><\/a><\/span><\/h6><\/div>\n\t\t<\/div> \n\t<\/div>\n\t<\/div> \n\n\t<div style=\"margin-bottom: 20px; \" class=\"vc_col-sm-6 vc_col-lg-6 vc_col-md-12 wpb_column column_container vc_column_container col child_column has-animation bottom_margin_phone_0px left_padding_phone_0px\"  data-using-bg=\"true\"  data-t-w-inherits=\"small_desktop\" data-shadow=\"small_depth\" data-border-radius=\"10px\" data-bg-cover=\"true\" data-padding-pos=\"all\" data-has-bg-color=\"false\" data-bg-color=\"\" data-bg-opacity=\"1\" data-animation=\"fade-in-from-bottom\" data-delay=\"0\" >\n\t\t<div class=\"vc_column-inner\" ><div class=\"column-image-bg-wrap column-bg-layer viewport-desktop\" data-bg-pos=\"center center\" data-bg-animation=\"none\" data-bg-overlay=\"false\"><div class=\"inner-wrap\"><div class=\"column-image-bg\" style=\" background-image: url('https:\/\/lobbywatch.ch\/wp-content\/uploads\/2026\/01\/workshop.jpg'); \"><\/div><\/div><\/div><div class=\"column-bg-overlay-wrap column-bg-layer\" data-bg-animation=\"none\"><div class=\"column-bg-overlay\"><\/div><\/div>\n\t\t<div class=\"wpb_wrapper\">\n\t\t\t<div class=\"divider-wrap height_phone_200px\" data-alignment=\"default\"><div style=\"height: 430px;\" class=\"divider\"><\/div><\/div>\n\t\t<\/div> \n\t<\/div>\n\t<\/div> \n<\/div><\/div>\n\t\t\t<\/div> \n\t\t<\/div>\n\t<\/div> \n\n\t<div  class=\"vc_col-sm-1 wpb_column column_container vc_column_container col no-extra-padding inherit_tablet inherit_phone\"  data-padding-pos=\"all\" data-has-bg-color=\"false\" data-bg-color=\"\" data-bg-opacity=\"1\" data-animation=\"\" data-delay=\"0\" >\n\t\t<div class=\"vc_column-inner\" >\n\t\t\t<div class=\"wpb_wrapper\">\n\t\t\t\t\n\t\t\t<\/div> \n\t\t<\/div>\n\t<\/div> \n<\/div><\/div>\n\t\t<div id=\"spaziergang\"  data-column-margin=\"default\" data-midnight=\"dark\" data-top-percent=\"12%\" data-bottom-percent=\"12%\"  class=\"wpb_row vc_row-fluid vc_row full-width-section  top_padding_phone_20pct\"  style=\"padding-top: calc(100vw * 0.12); padding-bottom: calc(100vw * 0.12); \"><div class=\"row-bg-wrap\" data-bg-animation=\"none\" data-bg-animation-delay=\"\" data-bg-overlay=\"false\"><div class=\"inner-wrap row-bg-layer\" ><div class=\"row-bg viewport-desktop\"  style=\"\"><\/div><\/div><\/div><div class=\"row_col_wrap_12 col span_12 dark left\">\n\t<div  class=\"vc_col-sm-1 wpb_column column_container vc_column_container col centered-text no-extra-padding inherit_tablet inherit_phone\"  data-padding-pos=\"all\" data-has-bg-color=\"false\" data-bg-color=\"\" data-bg-opacity=\"1\" data-animation=\"\" data-delay=\"0\" >\n\t\t<div class=\"vc_column-inner\" >\n\t\t\t<div class=\"wpb_wrapper\">\n\t\t\t\t\n\t\t\t<\/div> \n\t\t<\/div>\n\t<\/div> \n\n\t<div  class=\"vc_col-sm-10 wpb_column column_container vc_column_container col no-extra-padding force-desktop-text-align-left el_spacing_0px inherit_tablet inherit_phone\"  data-padding-pos=\"all\" data-has-bg-color=\"false\" data-bg-color=\"\" data-bg-opacity=\"1\" data-animation=\"\" data-delay=\"0\" >\n\t\t<div class=\"vc_column-inner\" >\n\t\t\t<div class=\"wpb_wrapper\">\n\t\t\t\t<div id=\"fws_69eba4e535cb9\" data-midnight=\"\" data-column-margin=\"50px\" class=\"wpb_row vc_row-fluid vc_row inner_row  reverse_columns_column_phone top_padding_tablet_0px top_padding_phone_0px\"  style=\"\"><div class=\"row-bg-wrap\"> <div class=\"row-bg\" ><\/div> <\/div><div class=\"row_col_wrap_12_inner col span_12  left\">\n\t<div style=\"margin-top: 50px; margin-bottom: 20px; \" class=\"vc_col-sm-6 vc_col-lg-6 vc_col-md-12 wpb_column column_container vc_column_container col child_column has-animation no-extra-padding el_spacing_0px inherit_tablet inherit_phone\"    data-t-w-inherits=\"small_desktop\" data-padding-pos=\"all\" data-has-bg-color=\"false\" data-bg-color=\"\" data-bg-opacity=\"1\" data-animation=\"fade-in-from-bottom\" data-delay=\"0\" >\n\t\t<div class=\"vc_column-inner\" >\n\t\t<div class=\"wpb_wrapper\">\n\t\t\t\n<div class=\"wpb_text_column wpb_content_element  text_direction_ltr  vc_custom_1761751110550\" style=\" max-width: 550px; display: inline-block;\">\n\t<div class=\"wpb_wrapper\">\n\t\t<h2>Visites guid\u00e9es sur le lobbying \u00e0 Berne<\/h2>\n\t<\/div>\n<\/div>\n\n\n\n<div class=\"divider-wrap\" data-alignment=\"default\"><div style=\"margin-top: 12.5px; height: 2px; margin-bottom: 12.5px;\" data-width=\"100%\" data-animate=\"yes\" data-animation-delay=\"\" data-color=\"extra-color-2\" class=\"divider-border\"><\/div><\/div>\n<div class=\"wpb_text_column wpb_content_element  text_direction_ltr\" style=\" max-width: 600px; display: inline-block;\">\n\t<div class=\"wpb_wrapper\">\n\t\t<div class=\"wpb_text_column wpb_content_element text_direction_ltr\">\n<div class=\"wpb_wrapper\">\n<p>Lors de nos visites guid\u00e9es, nous vous faisons d\u00e9couvrir les lieux o\u00f9 se fabrique la poli-tique, loin des espaces parlementaires officiels. Nous vous emmenons dans des agences de lobbying, des h\u00f4tels de luxe et des clubs priv\u00e9s, et vous expliquons les strat\u00e9gies des lobbyistes.<\/p>\n<\/div>\n<\/div>\n\t<\/div>\n<\/div>\n\n\n\n<div class=\"divider-wrap\" data-alignment=\"default\"><div style=\"height: 20px;\" class=\"divider\"><\/div><\/div><div class=\"nectar-cta  text_hover_color_DD3333 alignment_tablet_default alignment_phone_default display_tablet_inherit display_phone_inherit\" data-color=\"default\" data-using-bg=\"false\" data-style=\"see-through\" data-display=\"block\" data-alignment=\"right\" data-text-color=\"custom\" ><h6 style=\"color: #FF4646;\"> <span class=\"text\"> <\/span><span class=\"link_wrap\" ><a  class=\"link_text\" role=\"button\" href=\"https:\/\/lobbywatch.ch\/fr\/spaziergang\/\">En savoir plus<span class=\"arrow\"><\/span><\/a><\/span><\/h6><\/div>\n\t\t<\/div> \n\t<\/div>\n\t<\/div> \n\n\t<div style=\"margin-bottom: 20px; \" class=\"vc_col-sm-6 vc_col-lg-6 vc_col-md-12 wpb_column column_container vc_column_container col child_column has-animation no-extra-padding left_margin_phone_-25px inherit_tablet inherit_phone\"    data-t-w-inherits=\"small_desktop\" data-padding-pos=\"all\" data-has-bg-color=\"false\" data-bg-color=\"\" data-bg-opacity=\"1\" data-animation=\"fade-in-from-bottom\" data-delay=\"0\" >\n\t\t<div class=\"vc_column-inner\" >\n\t\t<div class=\"wpb_wrapper\">\n\t\t\t<div class=\"nectar_cascading_images\" data-border-radius=\"10px\" data-parallax=\"\" data-parallax-intensity=\"subtle\" data-animation-timing=\"175\"><div class=\"cascading-image\" data-has-img=\"true\" style=\" padding:26%;\" data-max-width=\"100%\" data-max-width-mobile=\"100%\" data-animation=\"grow-in\" data-shadow=\"small_depth\"><div class=\"inner-wrap\"><div class=\"bg-layer\" data-scale=\"1.2\" style=\"transform: scale(1.2)\"><div style=\" -webkit-transform:translateX(-25%) translateY(-55%) ; transform:translateX(-25%) translateY(-55%) ;\" class=\"img-wrap\"> <img loading=\"lazy\" decoding=\"async\" src=\"https:\/\/lobbywatch.ch\/wp-content\/uploads\/2025\/10\/lobbywatch-spaziergang_2.jpg\" srcset=\"https:\/\/lobbywatch.ch\/wp-content\/uploads\/2025\/10\/lobbywatch-spaziergang_2.jpg 1200w, https:\/\/lobbywatch.ch\/wp-content\/uploads\/2025\/10\/lobbywatch-spaziergang_2-300x246.jpg 300w, https:\/\/lobbywatch.ch\/wp-content\/uploads\/2025\/10\/lobbywatch-spaziergang_2-1024x840.jpg 1024w, https:\/\/lobbywatch.ch\/wp-content\/uploads\/2025\/10\/lobbywatch-spaziergang_2-768x630.jpg 768w\" sizes=\"auto, (min-width: 1000px) 45vw, 100vw\" height=\"984\" width=\"1200\" class=\"skip-lazy\" alt=\"\" \/> <\/div><\/div><\/div><\/div><div class=\"cascading-image\" data-has-img=\"true\" style=\" padding:26%;\" data-max-width=\"100%\" data-max-width-mobile=\"100%\" data-animation=\"grow-in\" data-shadow=\"medium_depth\"><div class=\"inner-wrap\"><div class=\"bg-layer\" data-scale=\"1.2\" style=\"transform: scale(1.2)\"><div style=\" -webkit-transform:translateX(50%) translateY(-15%) ; transform:translateX(50%) translateY(-15%) ;\" class=\"img-wrap\"> <img loading=\"lazy\" decoding=\"async\" src=\"https:\/\/lobbywatch.ch\/wp-content\/uploads\/2025\/09\/Spaziergang_3.jpg\" srcset=\"https:\/\/lobbywatch.ch\/wp-content\/uploads\/2025\/09\/Spaziergang_3.jpg 1000w, https:\/\/lobbywatch.ch\/wp-content\/uploads\/2025\/09\/Spaziergang_3-269x300.jpg 269w, https:\/\/lobbywatch.ch\/wp-content\/uploads\/2025\/09\/Spaziergang_3-917x1024.jpg 917w, https:\/\/lobbywatch.ch\/wp-content\/uploads\/2025\/09\/Spaziergang_3-768x858.jpg 768w\" sizes=\"auto, (min-width: 1000px) 45vw, 100vw\" height=\"1117\" width=\"1000\" class=\"skip-lazy\" alt=\"\" \/> <\/div><\/div><\/div><\/div><div class=\"cascading-image\" data-has-img=\"true\" style=\" padding:26%;\" data-max-width=\"100%\" data-max-width-mobile=\"100%\" data-animation=\"grow-in\" data-shadow=\"medium_depth\"><div class=\"inner-wrap\"><div class=\"bg-layer\" data-scale=\"1\" style=\"transform: scale(1)\"><div style=\" -webkit-transform:translateX(-15%) translateY(25%) ; transform:translateX(-15%) translateY(25%) ;\" class=\"img-wrap\"> <img loading=\"lazy\" decoding=\"async\" src=\"https:\/\/lobbywatch.ch\/wp-content\/uploads\/2025\/09\/spaziergang_6.jpg\" srcset=\"https:\/\/lobbywatch.ch\/wp-content\/uploads\/2025\/09\/spaziergang_6.jpg 1000w, https:\/\/lobbywatch.ch\/wp-content\/uploads\/2025\/09\/spaziergang_6-269x300.jpg 269w, https:\/\/lobbywatch.ch\/wp-content\/uploads\/2025\/09\/spaziergang_6-917x1024.jpg 917w, https:\/\/lobbywatch.ch\/wp-content\/uploads\/2025\/09\/spaziergang_6-768x858.jpg 768w\" sizes=\"auto, (min-width: 1000px) 45vw, 100vw\" height=\"1117\" width=\"1000\" class=\"skip-lazy\" alt=\"\" \/> <\/div><\/div><\/div><\/div><\/div>\n\t\t<\/div> \n\t<\/div>\n\t<\/div> \n<\/div><\/div><div class=\"divider-wrap\" data-alignment=\"default\"><div style=\"height: 100px;\" class=\"divider\"><\/div><\/div>\n\t\t\t<\/div> \n\t\t<\/div>\n\t<\/div> \n\n\t<div  class=\"vc_col-sm-1 wpb_column column_container vc_column_container col no-extra-padding inherit_tablet inherit_phone\"  data-padding-pos=\"all\" data-has-bg-color=\"false\" data-bg-color=\"\" data-bg-opacity=\"1\" data-animation=\"\" data-delay=\"0\" >\n\t\t<div class=\"vc_column-inner\" >\n\t\t\t<div class=\"wpb_wrapper\">\n\t\t\t\t\n\t\t\t<\/div> \n\t\t<\/div>\n\t<\/div> \n<\/div><\/div><div class=\"nectar-sticky-row-wrap nectar-sticky-row-wrap--bottom nectar-sticky-row-wrap--mobile\" style=\"z-index: 15;\">\n\t\t<div id=\"fws_69eba4e537667\"  data-column-margin=\"none\" data-midnight=\"dark\"  class=\"wpb_row vc_row-fluid vc_row full-width-section  top_margin_70px bottom_margin_-190px zindex-set bottom_margin_phone_-80px\"  style=\"padding-top: 10px; padding-bottom: 15px;  z-index: 15;\"><div class=\"row-bg-wrap\" data-bg-animation=\"none\" data-bg-animation-delay=\"\" data-bg-overlay=\"false\"><div class=\"inner-wrap row-bg-layer\" ><div class=\"row-bg viewport-desktop using-bg-color\"  style=\"background-color: #FF4646; \"><\/div><\/div><\/div><div class=\"row_col_wrap_12 col span_12 dark center\">\n\t<div  class=\"vc_col-sm-6 vc_col-xs-6 wpb_column column_container vc_column_container col force-desktop-text-align-right force-phone-text-align-left left_margin_phone_-5px top_padding_desktop_0px\"  data-padding-pos=\"all\" data-has-bg-color=\"false\" data-bg-color=\"\" data-bg-opacity=\"1\" data-animation=\"\" data-delay=\"0\" >\n\t\t<div class=\"vc_column-inner\" >\n\t\t\t<div class=\"wpb_wrapper\">\n\t\t\t\t<div class=\"divider-wrap height_phone_5px\" data-alignment=\"default\"><div style=\"height: 3px;\" class=\"divider\"><\/div><\/div><div class=\"nectar-highlighted-text font_line_height_1-3\" data-style=\"regular_underline\" data-exp=\"default\" data-underline-thickness=\"3px\" data-user-color=\"true\" style=\"color: #FFFFFF;\" data-using-custom-color=\"true\" data-animation-delay=\"false\" data-color=\"#7ACEF4\" data-color-gradient=\"\"><p><strong>Vous ne voulez pas manquer les derni\u00e8res actualit\u00e9s du lobby ?<\/strong><\/p>\n<\/div>\n\t\t\t<\/div> \n\t\t<\/div>\n\t<\/div> \n\n\t<div  class=\"vc_col-sm-6 vc_col-xs-6 wpb_column column_container vc_column_container col force-phone-text-align-center left_padding_desktop_50px left_padding_phone_0px\"  data-padding-pos=\"all\" data-has-bg-color=\"false\" data-bg-color=\"\" data-bg-opacity=\"1\" data-animation=\"\" data-delay=\"0\" >\n\t\t<div class=\"vc_column-inner\" >\n\t\t\t<div class=\"wpb_wrapper\">\n\t\t\t\t<div class=\"divider-wrap height_phone_20px\" data-alignment=\"default\"><div style=\"height: 7px;\" class=\"divider\"><\/div><\/div><div class=\"nectar-cta  hover_color_FFF4F4 text_hover_color_DD3333 border_radius_119px alignment_tablet_default alignment_phone_center display_tablet_inherit display_phone_inherit font_size_phone_14px\" data-color=\"white\" data-using-bg=\"true\" data-style=\"basic\" data-display=\"block\" data-alignment=\"left\" data-text-color=\"custom\" ><h6 style=\"color: #FF4646;\"><span class=\"link_wrap\" style=\"padding-top: 10px; padding-right: 25px; padding-bottom: 10px; padding-left: 25px;\"><a  class=\"link_text\" role=\"button\" href=\"#newsletter\"><span class=\"text\">Abonnez-vous \u00e0 notre newsletter<\/span><\/a><\/span><\/h6><\/div>\n\t\t\t<\/div> \n\t\t<\/div>\n\t<\/div> \n<\/div><\/div><\/div>","protected":false},"excerpt":{"rendered":"Bildung f\u00fcr politische Transparenz Wir kl\u00e4ren auf, wie Lobbying funktioniert \u2013 durch Workshops, Spazierg\u00e4nge und Vortr\u00e4ge. Lobbywatch vermittelt Wissen \u00fcber politische Verflechtungen und st\u00e4rkt die Recherchekompetenzen der Zivilgesellschaft. Unsere Bildungsangebote...","protected":false},"author":2,"featured_media":0,"parent":0,"menu_order":0,"comment_status":"closed","ping_status":"closed","template":"","meta":{"footnotes":""},"categories":[],"tags":[],"class_list":["post-6080","page","type-page","status-publish"],"_links":{"self":[{"href":"https:\/\/lobbywatch.ch\/fr\/wp-json\/wp\/v2\/pages\/6080","targetHints":{"allow":["GET"]}}],"collection":[{"href":"https:\/\/lobbywatch.ch\/fr\/wp-json\/wp\/v2\/pages"}],"about":[{"href":"https:\/\/lobbywatch.ch\/fr\/wp-json\/wp\/v2\/types\/page"}],"author":[{"embeddable":true,"href":"https:\/\/lobbywatch.ch\/fr\/wp-json\/wp\/v2\/users\/2"}],"replies":[{"embeddable":true,"href":"https:\/\/lobbywatch.ch\/fr\/wp-json\/wp\/v2\/comments?post=6080"}],"version-history":[{"count":39,"href":"https:\/\/lobbywatch.ch\/fr\/wp-json\/wp\/v2\/pages\/6080\/revisions"}],"predecessor-version":[{"id":8638,"href":"https:\/\/lobbywatch.ch\/fr\/wp-json\/wp\/v2\/pages\/6080\/revisions\/8638"}],"wp:attachment":[{"href":"https:\/\/lobbywatch.ch\/fr\/wp-json\/wp\/v2\/media?parent=6080"}],"wp:term":[{"taxonomy":"category","embeddable":true,"href":"https:\/\/lobbywatch.ch\/fr\/wp-json\/wp\/v2\/categories?post=6080"},{"taxonomy":"post_tag","embeddable":true,"href":"https:\/\/lobbywatch.ch\/fr\/wp-json\/wp\/v2\/tags?post=6080"}],"curies":[{"name":"wp","href":"https:\/\/api.w.org\/{rel}","templated":true}]}}